{"id":2269,"date":"2019-02-26T12:11:15","date_gmt":"2019-02-26T11:11:15","guid":{"rendered":"http:\/\/cadvoile.fr\/?page_id=2269"},"modified":"2023-01-09T12:52:17","modified_gmt":"2023-01-09T11:52:17","slug":"la-section","status":"publish","type":"page","link":"https:\/\/cadvoile.fr\/","title":{"rendered":"SECTION"},"content":{"rendered":"\n<p><\/p>\n\n\n\n<p class=\"has-text-align-left\"> Cr\u00e9\u00e9e dans les ann\u00e9es 60, notre section fait partie de l&#8217;Association Sportive du CEA Cadarache. <br \/>Nous avons pour vocation de faciliter l\u2019acc\u00e8s de nos adh\u00e9rents \u00e0 la pratique de la voile dans un esprit de partage et d\u2019\u00e9change autour de leur passion commune de la mer. <\/p>\n\n\n\n<p class=\"has-text-align-left\">Gr\u00e2ce \u00e0 nos skippers exp\u00e9riment\u00e9s, nous proposons des sorties en pleine mer&nbsp; (principalement en M\u00e9diterran\u00e9e) : journ\u00e9es d\u00e9couvertes, apprentissages, croisi\u00e8res, convoyages et r\u00e9gates.<\/p>\n\n\n\n<p class=\"has-text-align-left\">Notre section compte actuellement une centaine d&#8217;heureux membres.&nbsp;<br \/><br \/><\/p>\n\n\n\n<p><\/p>\n\n\n\n<div class=\"wp-block-image\"><figure class=\"aligncenter is-resized\"><a href=\"https:\/\/4.bp.blogspot.com\/-c8w14dO1R10\/XGxDPlVXHKI\/AAAAAAAAALE\/2pb0Ov1AsbM5h-jDEUnERLyRCcZB3Z55QCLcBGAs\/s1600\/voile3.jpg\"><img loading=\"lazy\" decoding=\"async\" src=\"https:\/\/4.bp.blogspot.com\/-c8w14dO1R10\/XGxDPlVXHKI\/AAAAAAAAALE\/2pb0Ov1AsbM5h-jDEUnERLyRCcZB3Z55QCLcBGAs\/s640\/voile3.jpg\" alt=\"\" width=\"450\" height=\"299\"\/><\/a><\/figure><\/div>\n\n\n\n<p class=\"has-text-align-center\">Pr\u00e9sentation du&nbsp;<strong>Bureau<\/strong>&nbsp;:&nbsp;<a href=\"http:\/\/cadvoile.fr\/?page_id=2341\">ici<\/a><\/p>\n\n\n\n<p class=\"has-text-align-center\">Pr\u00e9sentation du&nbsp;<strong>Comit\u00e9 Directeur<\/strong>&nbsp;:&nbsp;<a href=\"http:\/\/cadvoile.fr\/?page_id=2339\">ici<\/a><br \/><\/p>\n\n\n\n<p class=\"has-text-align-center\"><strong>Adh\u00e9rer :  <\/strong><a href=\"http:\/\/cadvoile.fr\/?page_id=2337\">ici<\/a><br \/><\/p>\n\n\n\n<p class=\"has-text-align-center\"><strong>Nous contacter :<\/strong><br \/> Permanence : les jeudis de 13h00 \u00e0 13h30  \u00e0 la cantine 1 <br \/>Secr\u00e9tariat : Joseph &#8211; 04 42 19 97 48 &#8211; <a href=\"mailto:secretariat@cadvoile.fr\ufeff\">secretariat@cadvoile.fr<\/a> <\/p>\n\n\n\n<p><\/p>\n\n\n\n<p class=\"has-text-align-center\"><strong>Partenariats<\/strong><br \/>CEA :&nbsp;<a rel=\"noreferrer noopener\" href=\"http:\/\/www.cea.fr\/\" target=\"_blank\">ici<\/a> <br \/>AS CEA Cadarache :&nbsp;<a rel=\"noreferrer noopener\" href=\"http:\/\/asceacad.fr\/\" target=\"_blank\">ici<\/a> <br \/>F\u00e9d\u00e9ration Fran\u00e7aise de Voile :&nbsp;<a rel=\"noreferrer noopener\" href=\"http:\/\/www.ffvoile.fr\/ffv\/web\/\" target=\"_blank\">ici<\/a> <br \/>Club Nautique de Port Miou :&nbsp;<a rel=\"noreferrer noopener\" href=\"http:\/\/www.cnport-miou.org\/\" target=\"_blank\">ici<\/a>  <br \/>Banque Populaire : <a rel=\"noreferrer noopener\" href=\"https:\/\/www.banquepopulaire.fr\/portailinternet\/Pages\/default.aspx\" target=\"_blank\">ici<\/a> <\/p>\n\n\n\n<p><\/p>\n\n\n\n<div class=\"wp-block-image\"><figure class=\"aligncenter\"><img decoding=\"async\" src=\"https:\/\/4.bp.blogspot.com\/-M_fbw-MiaN8\/XG-ziMxmSRI\/AAAAAAAAAS0\/byHtymYdKw4Gepvln0yIXTq6cVIKQnJQgCLcBGAs\/s400\/Logo%2Bpartenaires_2.JPG\" alt=\"\"\/><\/figure><\/div>\n","protected":false},"excerpt":{"rendered":"<p>Cr\u00e9\u00e9e dans les ann\u00e9es 60, notre section fait partie de l&#8217;Association Sportive du CEA Cadarache. Nous avons pour vocation de faciliter l\u2019acc\u00e8s de nos adh\u00e9rents \u00e0 la pratique de la voile dans un esprit de partage et d\u2019\u00e9change autour de leur passion commune de la mer. Gr\u00e2ce \u00e0 nos skippers exp\u00e9riment\u00e9s, nous proposons des sorties&hellip;<\/p>\n","protected":false},"author":1,"featured_media":0,"parent":0,"menu_order":0,"comment_status":"closed","ping_status":"closed","template":"","meta":{"_s2mail":"yes","footnotes":""},"class_list":["post-2269","page","type-page","status-publish","hentry"],"_links":{"self":[{"href":"https:\/\/cadvoile.fr\/index.php?rest_route=\/wp\/v2\/pages\/2269","targetHints":{"allow":["GET"]}}],"collection":[{"href":"https:\/\/cadvoile.fr\/index.php?rest_route=\/wp\/v2\/pages"}],"about":[{"href":"https:\/\/cadvoile.fr\/index.php?rest_route=\/wp\/v2\/types\/page"}],"author":[{"embeddable":true,"href":"https:\/\/cadvoile.fr\/index.php?rest_route=\/wp\/v2\/users\/1"}],"replies":[{"embeddable":true,"href":"https:\/\/cadvoile.fr\/index.php?rest_route=%2Fwp%2Fv2%2Fcomments&post=2269"}],"version-history":[{"count":22,"href":"https:\/\/cadvoile.fr\/index.php?rest_route=\/wp\/v2\/pages\/2269\/revisions"}],"predecessor-version":[{"id":4452,"href":"https:\/\/cadvoile.fr\/index.php?rest_route=\/wp\/v2\/pages\/2269\/revisions\/4452"}],"wp:attachment":[{"href":"https:\/\/cadvoile.fr\/index.php?rest_route=%2Fwp%2Fv2%2Fmedia&parent=2269"}],"curies":[{"name":"wp","href":"https:\/\/api.w.org\/{rel}","templated":true}]}}