{"id":2294,"date":"2019-03-09T10:19:24","date_gmt":"2019-03-09T09:19:24","guid":{"rendered":"http:\/\/cadvoile.fr\/?page_id=2294"},"modified":"2023-01-09T12:47:17","modified_gmt":"2023-01-09T11:47:17","slug":"activites","status":"publish","type":"page","link":"https:\/\/cadvoile.fr\/?page_id=2294","title":{"rendered":"ACTIVITES"},"content":{"rendered":"\n<p class=\"has-text-align-center\"> Toutes les activit\u00e9s en mer sont encadr\u00e9es par nos skippers exp\u00e9riment\u00e9s : <a href=\"http:\/\/cadvoile.fr\/?page_id=2357\">ici<\/a><br \/><br \/> Ces activit\u00e9s sont r\u00e9serv\u00e9es \u00e0 nos adh\u00e9rents (pour adh\u00e9rer : <a href=\"http:\/\/cadvoile.fr\/?page_id=2337\">ici<\/a>)<br \/><br \/><em>Pour les d\u00e9tails de chaque activit\u00e9, s\u00e9lectionnez le th\u00e8me souhait\u00e9 dans le menu d\u00e9roulant.<\/em><\/p>\n\n\n\n<p><br \/><\/p>\n","protected":false},"excerpt":{"rendered":"<p>Toutes les activit\u00e9s en mer sont encadr\u00e9es par nos skippers exp\u00e9riment\u00e9s : ici Ces activit\u00e9s sont r\u00e9serv\u00e9es \u00e0 nos adh\u00e9rents (pour adh\u00e9rer : ici) Pour les d\u00e9tails de chaque activit\u00e9, s\u00e9lectionnez le th\u00e8me souhait\u00e9 dans le menu d\u00e9roulant.<\/p>\n","protected":false},"author":1,"featured_media":0,"parent":0,"menu_order":0,"comment_status":"closed","ping_status":"closed","template":"","meta":{"_s2mail":"yes","footnotes":""},"class_list":["post-2294","page","type-page","status-publish","hentry"],"_links":{"self":[{"href":"https:\/\/cadvoile.fr\/index.php?rest_route=\/wp\/v2\/pages\/2294","targetHints":{"allow":["GET"]}}],"collection":[{"href":"https:\/\/cadvoile.fr\/index.php?rest_route=\/wp\/v2\/pages"}],"about":[{"href":"https:\/\/cadvoile.fr\/index.php?rest_route=\/wp\/v2\/types\/page"}],"author":[{"embeddable":true,"href":"https:\/\/cadvoile.fr\/index.php?rest_route=\/wp\/v2\/users\/1"}],"replies":[{"embeddable":true,"href":"https:\/\/cadvoile.fr\/index.php?rest_route=%2Fwp%2Fv2%2Fcomments&post=2294"}],"version-history":[{"count":8,"href":"https:\/\/cadvoile.fr\/index.php?rest_route=\/wp\/v2\/pages\/2294\/revisions"}],"predecessor-version":[{"id":4450,"href":"https:\/\/cadvoile.fr\/index.php?rest_route=\/wp\/v2\/pages\/2294\/revisions\/4450"}],"wp:attachment":[{"href":"https:\/\/cadvoile.fr\/index.php?rest_route=%2Fwp%2Fv2%2Fmedia&parent=2294"}],"curies":[{"name":"wp","href":"https:\/\/api.w.org\/{rel}","templated":true}]}}