{"id":2296,"date":"2019-03-09T10:23:05","date_gmt":"2019-03-09T09:23:05","guid":{"rendered":"http:\/\/cadvoile.fr\/?page_id=2296"},"modified":"2022-07-10T23:19:00","modified_gmt":"2022-07-10T21:19:00","slug":"journees-decouverte","status":"publish","type":"page","link":"https:\/\/cadvoile.fr\/?page_id=2296","title":{"rendered":"JOURN\u00c9ES D\u00c9COUVERTE"},"content":{"rendered":"\n<blockquote class=\"wp-block-quote has-text-align-center is-layout-flow wp-block-quote-is-layout-flow\"><p><em>&#8220;Si vous pensez que l&#8217;aventure est dangereuse, essayez la routine : elle est mortelle.&#8221; <\/em><\/p><cite><em> J. Coelho<\/em> <\/cite><\/blockquote>\n\n\n\n<div class=\"wp-block-image\"><figure class=\"aligncenter\"><img loading=\"lazy\" decoding=\"async\" width=\"300\" height=\"225\" src=\"http:\/\/cadvoile.fr\/wp-content\/uploads\/2017\/01\/we-20161210-6-300x225.jpg\" alt=\"\" class=\"wp-image-2117\" srcset=\"https:\/\/cadvoile.fr\/wp-content\/uploads\/2017\/01\/we-20161210-6-300x225.jpg 300w, https:\/\/cadvoile.fr\/wp-content\/uploads\/2017\/01\/we-20161210-6-600x450.jpg 600w, https:\/\/cadvoile.fr\/wp-content\/uploads\/2017\/01\/we-20161210-6.jpg 610w\" sizes=\"auto, (max-width: 300px) 100vw, 300px\" \/><\/figure><\/div>\n\n\n\n<p class=\"has-text-align-center\">  <strong>Contact :  <\/strong>Alain<\/p>\n\n\n\n<p class=\"has-text-align-center\">Pour d\u00e9couvrir le monde de la mer et de la voile&nbsp; <br \/>sur une demi-journ\u00e9e ou une journ\u00e9e enti\u00e8re ! <br \/><br \/>Exemple de journ\u00e9e d\u00e9couvertes : <a href=\"http:\/\/cadvoile.fr\/?p=1806\">ici<\/a><br \/><br \/><strong>Planning et inscription<\/strong> : <a href=\"http:\/\/cadvoile.fr\/?page_id=2332\">ici<\/a><br \/> <br \/><strong>Tarif \u00e0 la journ\u00e9e<\/strong>  <br \/>* Ayants droit et partenaires :18\u20ac<br \/>* Hors ayants droit et partenaires : 25\u20ac<br \/>* Enfants de moins de 16 ans : 50% participation adulte <br \/> <br \/><em>Les mineurs sont toujours accompagn\u00e9s d&#8217;un adulte responsable. <\/em><br \/><em>\u00c2ge minimum accept\u00e9 suivant programme et conditions m\u00e9t\u00e9o<\/em><br \/><em>(pour plus d&#8217;informations, merci de contacter le skipper).<\/em>  <br \/><br \/><br \/><\/p>\n\n\n\n<p><em> <\/em><\/p>\n","protected":false},"excerpt":{"rendered":"<p>&#8220;Si vous pensez que l&#8217;aventure est dangereuse, essayez la routine : elle est mortelle.&#8221; J. Coelho Contact : Alain Pour d\u00e9couvrir le monde de la mer et de la voile&nbsp; sur une demi-journ\u00e9e ou une journ\u00e9e enti\u00e8re ! Exemple de journ\u00e9e d\u00e9couvertes : ici Planning et inscription : ici Tarif \u00e0 la journ\u00e9e * Ayants&hellip;<\/p>\n","protected":false},"author":1,"featured_media":0,"parent":0,"menu_order":0,"comment_status":"closed","ping_status":"closed","template":"","meta":{"_s2mail":"yes","footnotes":""},"class_list":["post-2296","page","type-page","status-publish","hentry"],"_links":{"self":[{"href":"https:\/\/cadvoile.fr\/index.php?rest_route=\/wp\/v2\/pages\/2296","targetHints":{"allow":["GET"]}}],"collection":[{"href":"https:\/\/cadvoile.fr\/index.php?rest_route=\/wp\/v2\/pages"}],"about":[{"href":"https:\/\/cadvoile.fr\/index.php?rest_route=\/wp\/v2\/types\/page"}],"author":[{"embeddable":true,"href":"https:\/\/cadvoile.fr\/index.php?rest_route=\/wp\/v2\/users\/1"}],"replies":[{"embeddable":true,"href":"https:\/\/cadvoile.fr\/index.php?rest_route=%2Fwp%2Fv2%2Fcomments&post=2296"}],"version-history":[{"count":21,"href":"https:\/\/cadvoile.fr\/index.php?rest_route=\/wp\/v2\/pages\/2296\/revisions"}],"predecessor-version":[{"id":4376,"href":"https:\/\/cadvoile.fr\/index.php?rest_route=\/wp\/v2\/pages\/2296\/revisions\/4376"}],"wp:attachment":[{"href":"https:\/\/cadvoile.fr\/index.php?rest_route=%2Fwp%2Fv2%2Fmedia&parent=2296"}],"curies":[{"name":"wp","href":"https:\/\/api.w.org\/{rel}","templated":true}]}}