{"id":2301,"date":"2019-03-09T10:35:56","date_gmt":"2019-03-09T09:35:56","guid":{"rendered":"http:\/\/cadvoile.fr\/?page_id=2301"},"modified":"2022-07-10T23:18:10","modified_gmt":"2022-07-10T21:18:10","slug":"regates-2","status":"publish","type":"page","link":"https:\/\/cadvoile.fr\/?page_id=2301","title":{"rendered":"REGATES"},"content":{"rendered":"\n<blockquote class=\"wp-block-quote has-text-align-center is-layout-flow wp-block-quote-is-layout-flow\"><p><em>&#8220;Baisser les bras dans une comp\u00e9tition sous pr\u00e9texte qu&#8217;on ne peut terminer 1er<\/em><\/p><p><em> est incompatible avec l&#8217;esprit du sport.&#8221;<\/em><\/p><cite><em>E. Tabarly <\/em> <\/cite><\/blockquote>\n\n\n\n<div class=\"wp-block-image\"><figure class=\"aligncenter\"><img loading=\"lazy\" decoding=\"async\" width=\"300\" height=\"216\" src=\"http:\/\/cadvoile.fr\/wp-content\/uploads\/2018\/10\/Np-2018-Equipage-sous-spi-2-300x216.jpg\" alt=\"\" class=\"wp-image-2223\" srcset=\"https:\/\/cadvoile.fr\/wp-content\/uploads\/2018\/10\/Np-2018-Equipage-sous-spi-2-300x216.jpg 300w, https:\/\/cadvoile.fr\/wp-content\/uploads\/2018\/10\/Np-2018-Equipage-sous-spi-2-600x432.jpg 600w, https:\/\/cadvoile.fr\/wp-content\/uploads\/2018\/10\/Np-2018-Equipage-sous-spi-2-768x552.jpg 768w, https:\/\/cadvoile.fr\/wp-content\/uploads\/2018\/10\/Np-2018-Equipage-sous-spi-2-1024x737.jpg 1024w, https:\/\/cadvoile.fr\/wp-content\/uploads\/2018\/10\/Np-2018-Equipage-sous-spi-2.jpg 2048w\" sizes=\"auto, (max-width: 300px) 100vw, 300px\" \/><\/figure><\/div>\n\n\n\n<p class=\"has-text-align-center\"><strong>Contact :<\/strong> Mary-Carmen (<a href=\"mailto:regate@cadvoile.fr\">regate@cadvoile.fr<\/a>)<\/p>\n\n\n\n<p class=\"has-text-align-center\">Envie de sensations fortes ?&nbsp; <br \/>Rejoignez-nous pour les entra\u00eenements et les r\u00e9gates telles que SNIM,&nbsp; Neptunium, Croisi\u00e8re&nbsp; Bleue &#8230; <br \/>sur notre voilier mais \u00e9galement sur Grand Surprise ou J80 !<br \/><br \/> Et &#8230; Nous organiserons la Neptunium 2020 !<\/p>\n\n\n\n<p class=\"has-text-align-center\"> Exemples de r\u00e9gates auxquelles nous avons particip\u00e9 : <br \/>Neptumium 2018 : <a rel=\"noreferrer noopener\" href=\"http:\/\/cadvoile.fr\/?p=2217\" target=\"_blank\">ici<\/a><br \/>SNIM 2018 : <a rel=\"noreferrer noopener\" href=\"http:\/\/cadvoile.fr\/?p=2189\" target=\"_blank\">ici<\/a>   <br \/>Neptunium 2016 : <a rel=\"noreferrer noopener\" href=\"http:\/\/cadvoile.fr\/?p=2053\" target=\"_blank\">ici<\/a> &#8211; <a rel=\"noreferrer noopener\" href=\"http:\/\/cadvoile.fr\/?p=2062\" target=\"_blank\">ici<\/a> &#8211; <a rel=\"noreferrer noopener\" href=\"http:\/\/cadvoile.fr\/?p=2080\" target=\"_blank\">ici<\/a> &#8211; <a rel=\"noreferrer noopener\" href=\"http:\/\/cadvoile.fr\/?p=2088\" target=\"_blank\">ici<\/a>  <br \/> Championnat de France Voile Entreprises 2015 : <a rel=\"noreferrer noopener\" href=\"http:\/\/cadvoile.fr\/?p=1972\" target=\"_blank\">ici<\/a>   <br \/>Neptunium 2015 : <a rel=\"noreferrer noopener\" href=\"http:\/\/cadvoile.fr\/?p=1905\" target=\"_blank\">ici<\/a> &#8211; <a rel=\"noreferrer noopener\" href=\"http:\/\/cadvoile.fr\/?p=1918\" target=\"_blank\">ici<\/a> &#8211; <a rel=\"noreferrer noopener\" href=\"http:\/\/cadvoile.fr\/?p=1924\" target=\"_blank\">ici<\/a> &#8211; <a rel=\"noreferrer noopener\" href=\"http:\/\/cadvoile.fr\/?p=1942\" target=\"_blank\">ici<\/a>   <br \/><br \/><\/p>\n\n\n\n<p class=\"has-text-align-center\"> <strong>Planning et inscription<\/strong> : <a href=\"http:\/\/cadvoile.fr\/?page_id=2332\">ici<\/a> <br \/><br \/><\/p>\n\n\n\n<p class=\"has-text-align-center\"><strong>Tarif \u00e0 la journ\u00e9e<\/strong><br \/> * Ayants droit et partenaires :18\u20ac<br \/>* Hors ayants droit et partenaires : 25\u20ac<br \/>* Enfants de moins de 16 ans : 50% participation adulte  <br \/><br \/><em>Pour certaines r\u00e9gates, un forfait comprenant le trajet et l&#8217;h\u00e9bergement sera propos\u00e9.<\/em> <em>Certaines r\u00e9gates n\u00e9cessitent d&#8217;\u00eatre licenci\u00e9 FFV (voir la page <a href=\"http:\/\/cadvoile.fr\/?page_id=2337\">Adh\u00e9rer<\/a>)<\/em><br \/><\/p>\n\n\n\n<p class=\"has-text-align-center\"> <em>Les mineurs sont toujours accompagn\u00e9s d\u2019un adulte responsable. <\/em><br \/><em>\u00c2ge minimum accept\u00e9 suivant programme et conditions m\u00e9t\u00e9o<\/em><br \/><em>(pour plus d\u2019informations, merci de contacter le skipper).<\/em> <\/p>\n","protected":false},"excerpt":{"rendered":"<p>&#8220;Baisser les bras dans une comp\u00e9tition sous pr\u00e9texte qu&#8217;on ne peut terminer 1er est incompatible avec l&#8217;esprit du sport.&#8221; E. Tabarly Contact : Mary-Carmen (regate@cadvoile.fr) Envie de sensations fortes ?&nbsp; Rejoignez-nous pour les entra\u00eenements et les r\u00e9gates telles que SNIM,&nbsp; Neptunium, Croisi\u00e8re&nbsp; Bleue &#8230; sur notre voilier mais \u00e9galement sur Grand Surprise ou J80 !&hellip;<\/p>\n","protected":false},"author":1,"featured_media":0,"parent":0,"menu_order":0,"comment_status":"closed","ping_status":"closed","template":"","meta":{"_s2mail":"yes","footnotes":""},"class_list":["post-2301","page","type-page","status-publish","hentry"],"_links":{"self":[{"href":"https:\/\/cadvoile.fr\/index.php?rest_route=\/wp\/v2\/pages\/2301","targetHints":{"allow":["GET"]}}],"collection":[{"href":"https:\/\/cadvoile.fr\/index.php?rest_route=\/wp\/v2\/pages"}],"about":[{"href":"https:\/\/cadvoile.fr\/index.php?rest_route=\/wp\/v2\/types\/page"}],"author":[{"embeddable":true,"href":"https:\/\/cadvoile.fr\/index.php?rest_route=\/wp\/v2\/users\/1"}],"replies":[{"embeddable":true,"href":"https:\/\/cadvoile.fr\/index.php?rest_route=%2Fwp%2Fv2%2Fcomments&post=2301"}],"version-history":[{"count":32,"href":"https:\/\/cadvoile.fr\/index.php?rest_route=\/wp\/v2\/pages\/2301\/revisions"}],"predecessor-version":[{"id":4449,"href":"https:\/\/cadvoile.fr\/index.php?rest_route=\/wp\/v2\/pages\/2301\/revisions\/4449"}],"wp:attachment":[{"href":"https:\/\/cadvoile.fr\/index.php?rest_route=%2Fwp%2Fv2%2Fmedia&parent=2301"}],"curies":[{"name":"wp","href":"https:\/\/api.w.org\/{rel}","templated":true}]}}