{"id":2304,"date":"2019-03-09T10:39:34","date_gmt":"2019-03-09T09:39:34","guid":{"rendered":"http:\/\/cadvoile.fr\/?page_id=2304"},"modified":"2022-07-10T19:33:24","modified_gmt":"2022-07-10T17:33:24","slug":"journees-apprentissage","status":"publish","type":"page","link":"https:\/\/cadvoile.fr\/?page_id=2304","title":{"rendered":"APPRENTISSAGE"},"content":{"rendered":"\n<blockquote class=\"wp-block-quote has-text-align-center is-layout-flow wp-block-quote-is-layout-flow\"><p><em>&#8220;Apprendre sans r\u00e9fl\u00e9chir est vain ; R\u00e9fl\u00e9chir sans apprendre est dangereux.&#8221;<\/em><\/p><cite> <em>Confucius <\/em> <\/cite><\/blockquote>\n\n\n\n<div class=\"wp-block-image\"><figure class=\"aligncenter\"><img loading=\"lazy\" decoding=\"async\" width=\"225\" height=\"300\" src=\"http:\/\/cadvoile.fr\/wp-content\/uploads\/2016\/07\/IMG_4738-225x300.jpg\" alt=\"\" class=\"wp-image-2043\" srcset=\"https:\/\/cadvoile.fr\/wp-content\/uploads\/2016\/07\/IMG_4738-225x300.jpg 225w, https:\/\/cadvoile.fr\/wp-content\/uploads\/2016\/07\/IMG_4738-450x600.jpg 450w, https:\/\/cadvoile.fr\/wp-content\/uploads\/2016\/07\/IMG_4738-768x1024.jpg 768w\" sizes=\"auto, (max-width: 225px) 100vw, 225px\" \/><\/figure><\/div>\n\n\n\n<p class=\"has-text-align-center\"><strong>Contact :<\/strong> Antoine (<a href=\"mailto:apprentissage@cadvoile.fr\">apprentissage@cadvoile.fr<\/a>)<\/p>\n\n\n\n<p class=\"has-text-align-center\">Que vous partiez de z\u00e9ro ou que vous ayez de l&#8217;exp\u00e9rience, <br \/>il y a toujours \u00e0 apprendre dans la pratique de la voile !<br \/><br \/>Selon votre exp\u00e9rience, nous vous proposons des apprentissages pour devenir :<br \/>* \u00e9quipier : vous apprendrez toutes les bases \u00e0 conna\u00eetre.<br \/>* skipper : vous apprendrez \u00e0 devenir autonome sur un voilier.<br \/><br \/>Tous les apprentissages sont encadr\u00e9s par nos skippers exp\u00e9riment\u00e9s : <a href=\"http:\/\/cadvoile.fr\/?page_id=2357\">ici<\/a><br \/>Exemple d&#8217;une journ\u00e9e d&#8217;apprentissage : <a href=\"http:\/\/cadvoile.fr\/?p=2116\">ici<\/a><br \/><br \/><strong>Planning et inscription<\/strong> : <a href=\"http:\/\/cadvoile.fr\/?page_id=2332\">ici<\/a><\/p>\n\n\n\n<p class=\"has-text-align-center\"><strong>Tarif<\/strong> (par jours):<br \/>* Ayants droit et partenaires :18\u20ac<br \/>* Hors ayants droit et partenaires : 25\u20ac<br \/>* Enfants de moins de 16 ans : 50% participation adulte<br \/><br \/><\/p>\n\n\n\n<p class=\"has-text-align-center\"> <em>Les mineurs sont toujours accompagn\u00e9s d&#8217;un adulte responsable. <\/em><br \/><em>\u00c2ge minimum accept\u00e9 suivant programme et conditions m\u00e9t\u00e9o<\/em><br \/><em>(pour plus d&#8217;informations, merci de contacter le skipper).<\/em>   <br \/><br \/><\/p>\n\n\n\n<p class=\"has-text-align-center\"><strong>S\u00e9lection d&#8217;ouvrages pour compl\u00e9ter la pratique<\/strong><br \/><br \/><\/p>\n\n\n\n<div class=\"wp-block-columns has-2-columns is-layout-flex wp-container-core-columns-is-layout-9d6595d7 wp-block-columns-is-layout-flex\">\n<div class=\"wp-block-column is-layout-flow wp-block-column-is-layout-flow\">\n<div class=\"wp-block-image\"><figure class=\"aligncenter\"><img loading=\"lazy\" decoding=\"async\" width=\"251\" height=\"300\" src=\"http:\/\/cadvoile.fr\/wp-content\/uploads\/2019\/03\/Voile1-251x300.jpg\" alt=\"\" class=\"wp-image-2509\" srcset=\"https:\/\/cadvoile.fr\/wp-content\/uploads\/2019\/03\/Voile1-251x300.jpg 251w, https:\/\/cadvoile.fr\/wp-content\/uploads\/2019\/03\/Voile1-502x600.jpg 502w, https:\/\/cadvoile.fr\/wp-content\/uploads\/2019\/03\/Voile1.jpg 610w\" sizes=\"auto, (max-width: 251px) 100vw, 251px\" \/><figcaption> <br \/><em>&#8220;Manuel pratique de la Voile&#8221; <\/em><br \/><em>de Steve Sleight : <\/em><br \/><em>un manuel tr\u00e8s complet et tr\u00e8s bien illustr\u00e9<\/em> <\/figcaption><\/figure><\/div>\n<\/div>\n\n\n\n<div class=\"wp-block-column is-layout-flow wp-block-column-is-layout-flow\">\n<div class=\"wp-block-image\"><figure class=\"aligncenter is-resized\"><img loading=\"lazy\" decoding=\"async\" src=\"http:\/\/cadvoile.fr\/wp-content\/uploads\/2019\/03\/Gl\u00e9nans-1.jpg\" alt=\"\" class=\"wp-image-2514\" width=\"204\" height=\"315\" srcset=\"https:\/\/cadvoile.fr\/wp-content\/uploads\/2019\/03\/Gl\u00e9nans-1.jpg 401w, https:\/\/cadvoile.fr\/wp-content\/uploads\/2019\/03\/Gl\u00e9nans-1-195x300.jpg 195w, https:\/\/cadvoile.fr\/wp-content\/uploads\/2019\/03\/Gl\u00e9nans-1-390x600.jpg 390w\" sizes=\"auto, (max-width: 204px) 100vw, 204px\" \/><figcaption> <br \/><em>&#8220;Le cours des Gl\u00e9nans&#8221; : <\/em><br \/><em>la r\u00e9f\u00e9rence !<\/em> <\/figcaption><\/figure><\/div>\n<\/div>\n<\/div>\n\n\n\n<div class=\"wp-block-image\"><figure class=\"aligncenter\"><img loading=\"lazy\" decoding=\"async\" width=\"300\" height=\"225\" src=\"http:\/\/cadvoile.fr\/wp-content\/uploads\/2019\/04\/livre-enfant-300x225.jpg\" alt=\"\" class=\"wp-image-3204\" srcset=\"https:\/\/cadvoile.fr\/wp-content\/uploads\/2019\/04\/livre-enfant-300x225.jpg 300w, https:\/\/cadvoile.fr\/wp-content\/uploads\/2019\/04\/livre-enfant-600x449.jpg 600w, https:\/\/cadvoile.fr\/wp-content\/uploads\/2019\/04\/livre-enfant-768x575.jpg 768w, https:\/\/cadvoile.fr\/wp-content\/uploads\/2019\/04\/livre-enfant-120x90.jpg 120w, https:\/\/cadvoile.fr\/wp-content\/uploads\/2019\/04\/livre-enfant.jpg 800w\" sizes=\"auto, (max-width: 300px) 100vw, 300px\" \/><figcaption><em>&#8220;Comprendre la mer et la voile en 35 exp\u00e9riences et jeux&#8221; de Claire De Nomasy : pour comprendre la mer et la voile tout en s&#8217;amusant !<\/em><\/figcaption><\/figure><\/div>\n","protected":false},"excerpt":{"rendered":"<p>&#8220;Apprendre sans r\u00e9fl\u00e9chir est vain ; R\u00e9fl\u00e9chir sans apprendre est dangereux.&#8221; Confucius Contact : Antoine (apprentissage@cadvoile.fr) Que vous partiez de z\u00e9ro ou que vous ayez de l&#8217;exp\u00e9rience, il y a toujours \u00e0 apprendre dans la pratique de la voile ! Selon votre exp\u00e9rience, nous vous proposons des apprentissages pour devenir :* \u00e9quipier : vous apprendrez&hellip;<\/p>\n","protected":false},"author":1,"featured_media":0,"parent":0,"menu_order":0,"comment_status":"closed","ping_status":"closed","template":"","meta":{"_s2mail":"yes","footnotes":""},"class_list":["post-2304","page","type-page","status-publish","hentry"],"_links":{"self":[{"href":"https:\/\/cadvoile.fr\/index.php?rest_route=\/wp\/v2\/pages\/2304","targetHints":{"allow":["GET"]}}],"collection":[{"href":"https:\/\/cadvoile.fr\/index.php?rest_route=\/wp\/v2\/pages"}],"about":[{"href":"https:\/\/cadvoile.fr\/index.php?rest_route=\/wp\/v2\/types\/page"}],"author":[{"embeddable":true,"href":"https:\/\/cadvoile.fr\/index.php?rest_route=\/wp\/v2\/users\/1"}],"replies":[{"embeddable":true,"href":"https:\/\/cadvoile.fr\/index.php?rest_route=%2Fwp%2Fv2%2Fcomments&post=2304"}],"version-history":[{"count":68,"href":"https:\/\/cadvoile.fr\/index.php?rest_route=\/wp\/v2\/pages\/2304\/revisions"}],"predecessor-version":[{"id":4368,"href":"https:\/\/cadvoile.fr\/index.php?rest_route=\/wp\/v2\/pages\/2304\/revisions\/4368"}],"wp:attachment":[{"href":"https:\/\/cadvoile.fr\/index.php?rest_route=%2Fwp%2Fv2%2Fmedia&parent=2304"}],"curies":[{"name":"wp","href":"https:\/\/api.w.org\/{rel}","templated":true}]}}