{"id":2306,"date":"2019-03-09T10:46:10","date_gmt":"2019-03-09T09:46:10","guid":{"rendered":"http:\/\/cadvoile.fr\/?page_id=2306"},"modified":"2022-07-10T23:19:52","modified_gmt":"2022-07-10T21:19:52","slug":"convoyages","status":"publish","type":"page","link":"https:\/\/cadvoile.fr\/?page_id=2306","title":{"rendered":"CONVOYAGES"},"content":{"rendered":"\n<blockquote class=\"wp-block-quote has-text-align-center is-layout-flow wp-block-quote-is-layout-flow\"><p><em>&#8220;Nous ne pouvons pas aider tout le monde mais tout le monde peut aider quelqu&#8217;un.&#8221; <\/em><\/p><cite> <em>R. Reagan<\/em> <\/cite><\/blockquote>\n\n\n\n<div class=\"wp-block-image\"><figure class=\"aligncenter\"><img loading=\"lazy\" decoding=\"async\" width=\"605\" height=\"341\" src=\"http:\/\/cadvoile.fr\/wp-content\/uploads\/2017\/01\/we-20161210-4.jpg\" alt=\"\" class=\"wp-image-2119\" srcset=\"https:\/\/cadvoile.fr\/wp-content\/uploads\/2017\/01\/we-20161210-4.jpg 605w, https:\/\/cadvoile.fr\/wp-content\/uploads\/2017\/01\/we-20161210-4-300x169.jpg 300w, https:\/\/cadvoile.fr\/wp-content\/uploads\/2017\/01\/we-20161210-4-600x338.jpg 600w\" sizes=\"auto, (max-width: 605px) 100vw, 605px\" \/><\/figure><\/div>\n\n\n\n<p class=\"has-text-align-center\"><strong>Contact :<\/strong>  <a href=\"mailto:convoyage@cadvoile.fr\">convoyage@cadvoile.fr<\/a><\/p>\n\n\n\n<p class=\"has-text-align-center\">En vous inscrivant \u00e0 des activit\u00e9s, vous remarquerez <br \/>que le point de rendez-vous n&#8217;est pas syst\u00e9matiquement \u00e0 Port-Miou, <br \/>port d&#8217;attache habituel de notre voilier. <br \/>Le convoyage permet de mener notre voilier aux lieux que nous d\u00e9sirons<br \/> avant de v\u00e9ritablement commencer certaines activit\u00e9s.  <br \/>Puis, apr\u00e8s ces activit\u00e9s, de ramener le voilier \u00e0 bon port. <br \/>Le convoyage : un voyage dans le voyage !<br \/><br \/>Exemple de convoyage : <a rel=\"noreferrer noopener\" href=\"http:\/\/cadvoile.fr\/?p=1450\" target=\"_blank\">ici<\/a><br \/><br \/><strong>Planning et inscription<\/strong> : <a href=\"http:\/\/cadvoile.fr\/?page_id=2332\">ici<\/a><\/p>\n\n\n\n<p class=\"has-text-align-center\"><strong>Activit\u00e9 gratuite<\/strong><\/p>\n\n\n\n<p class=\"has-text-align-center\"><em>Les mineurs sont toujours accompagn\u00e9s d\u2019un adulte responsable. <\/em><br \/><em>\u00c2ge minimum accept\u00e9 suivant programme et conditions m\u00e9t\u00e9o<\/em><br \/><em>(pour plus d\u2019informations, merci de contacter le skipper).<\/em>  <\/p>\n","protected":false},"excerpt":{"rendered":"<p>&#8220;Nous ne pouvons pas aider tout le monde mais tout le monde peut aider quelqu&#8217;un.&#8221; R. Reagan Contact : convoyage@cadvoile.fr En vous inscrivant \u00e0 des activit\u00e9s, vous remarquerez que le point de rendez-vous n&#8217;est pas syst\u00e9matiquement \u00e0 Port-Miou, port d&#8217;attache habituel de notre voilier. Le convoyage permet de mener notre voilier aux lieux que nous&hellip;<\/p>\n","protected":false},"author":1,"featured_media":0,"parent":0,"menu_order":0,"comment_status":"closed","ping_status":"closed","template":"","meta":{"_s2mail":"yes","footnotes":""},"class_list":["post-2306","page","type-page","status-publish","hentry"],"_links":{"self":[{"href":"https:\/\/cadvoile.fr\/index.php?rest_route=\/wp\/v2\/pages\/2306","targetHints":{"allow":["GET"]}}],"collection":[{"href":"https:\/\/cadvoile.fr\/index.php?rest_route=\/wp\/v2\/pages"}],"about":[{"href":"https:\/\/cadvoile.fr\/index.php?rest_route=\/wp\/v2\/types\/page"}],"author":[{"embeddable":true,"href":"https:\/\/cadvoile.fr\/index.php?rest_route=\/wp\/v2\/users\/1"}],"replies":[{"embeddable":true,"href":"https:\/\/cadvoile.fr\/index.php?rest_route=%2Fwp%2Fv2%2Fcomments&post=2306"}],"version-history":[{"count":15,"href":"https:\/\/cadvoile.fr\/index.php?rest_route=\/wp\/v2\/pages\/2306\/revisions"}],"predecessor-version":[{"id":4378,"href":"https:\/\/cadvoile.fr\/index.php?rest_route=\/wp\/v2\/pages\/2306\/revisions\/4378"}],"wp:attachment":[{"href":"https:\/\/cadvoile.fr\/index.php?rest_route=%2Fwp%2Fv2%2Fmedia&parent=2306"}],"curies":[{"name":"wp","href":"https:\/\/api.w.org\/{rel}","templated":true}]}}