{"id":2309,"date":"2019-03-09T10:55:41","date_gmt":"2019-03-09T09:55:41","guid":{"rendered":"http:\/\/cadvoile.fr\/?page_id=2309"},"modified":"2022-07-10T23:20:28","modified_gmt":"2022-07-10T21:20:28","slug":"protection-de-lenvironnement","status":"publish","type":"page","link":"https:\/\/cadvoile.fr\/?page_id=2309","title":{"rendered":"PROTECTION DE L&#8217;ENVIRONNEMENT"},"content":{"rendered":"\n<blockquote class=\"wp-block-quote has-text-align-center is-layout-flow wp-block-quote-is-layout-flow\"><p><em>&#8220;Mieux vaut prendre le changement par la main avant qu&#8217;il ne vous prenne \u00e0 la gorge.&#8221;<\/em><\/p><cite> <em>W. Churchill <\/em> <\/cite><\/blockquote>\n\n\n\n<div class=\"wp-block-image\"><figure class=\"aligncenter\"><img loading=\"lazy\" decoding=\"async\" width=\"300\" height=\"225\" src=\"http:\/\/cadvoile.fr\/wp-content\/uploads\/2019\/04\/air-bubbles-230014_640-300x225.jpg\" alt=\"\" class=\"wp-image-3134\" srcset=\"https:\/\/cadvoile.fr\/wp-content\/uploads\/2019\/04\/air-bubbles-230014_640-300x225.jpg 300w, https:\/\/cadvoile.fr\/wp-content\/uploads\/2019\/04\/air-bubbles-230014_640-600x450.jpg 600w, https:\/\/cadvoile.fr\/wp-content\/uploads\/2019\/04\/air-bubbles-230014_640-120x90.jpg 120w, https:\/\/cadvoile.fr\/wp-content\/uploads\/2019\/04\/air-bubbles-230014_640.jpg 640w\" sizes=\"auto, (max-width: 300px) 100vw, 300px\" \/><\/figure><\/div>\n\n\n\n<p class=\"has-text-align-center\"><strong>Contact  <\/strong>: <a href=\"mailto:environnement@cadvoile.fr\">environnement@cadvoile.fr<\/a><br \/><br \/><\/p>\n\n\n\n<p><\/p>\n\n\n\n<p class=\"has-text-align-center\">La mer a toujours \u00e9t\u00e9 importante pour l&#8217;Homme.<br \/>Elle nous nourrit, nous transporte et nous apaise.<br \/><\/p>\n\n\n\n<p class=\"has-text-align-center\">\n\nIl est donc tout \u00e0 fait \u00e9vident pour notre section de participer \u00e0 la protection de cet \u00e9co-syst\u00e8me fragilis\u00e9.\n\n<\/p>\n\n\n\n<p class=\"has-text-align-center\">\n\nNous pratiquons d\u00e9j\u00e0 le tri des d\u00e9chets \u00e0 bord d&#8217;Ohana et nous souhaitons aller encore plus loin <br \/>en int\u00e9grant le projet Secchi Disk \u00e0 nos activit\u00e9s. \n\n<\/p>\n\n\n\n<div class=\"wp-block-image\"><figure class=\"aligncenter\"><img loading=\"lazy\" decoding=\"async\" width=\"719\" height=\"920\" src=\"http:\/\/cadvoile.fr\/wp-content\/uploads\/2019\/05\/Capture1.jpg\" alt=\"\" class=\"wp-image-3695\" srcset=\"https:\/\/cadvoile.fr\/wp-content\/uploads\/2019\/05\/Capture1.jpg 719w, https:\/\/cadvoile.fr\/wp-content\/uploads\/2019\/05\/Capture1-234x300.jpg 234w, https:\/\/cadvoile.fr\/wp-content\/uploads\/2019\/05\/Capture1-469x600.jpg 469w\" sizes=\"auto, (max-width: 719px) 100vw, 719px\" \/><\/figure><\/div>\n\n\n\n<div class=\"wp-block-image\"><figure class=\"aligncenter\"><img loading=\"lazy\" decoding=\"async\" width=\"719\" height=\"909\" src=\"http:\/\/cadvoile.fr\/wp-content\/uploads\/2019\/05\/Capture2.jpg\" alt=\"\" class=\"wp-image-3696\" srcset=\"https:\/\/cadvoile.fr\/wp-content\/uploads\/2019\/05\/Capture2.jpg 719w, https:\/\/cadvoile.fr\/wp-content\/uploads\/2019\/05\/Capture2-237x300.jpg 237w, https:\/\/cadvoile.fr\/wp-content\/uploads\/2019\/05\/Capture2-475x600.jpg 475w\" sizes=\"auto, (max-width: 719px) 100vw, 719px\" \/><\/figure><\/div>\n\n\n\n<p class=\"has-text-align-center\"><br \/><em>Pour en savoir plus, rendez-vous sur la page officielle de la fondation Secchi Disk&nbsp;: <a rel=\"noreferrer noopener\" href=\"http:\/\/www.secchidisk.org\/\" target=\"_blank\">http:\/\/www.secchidisk.org\/<\/a>   &nbsp;  <\/em><br \/><br \/><\/p>\n","protected":false},"excerpt":{"rendered":"<p>&#8220;Mieux vaut prendre le changement par la main avant qu&#8217;il ne vous prenne \u00e0 la gorge.&#8221; W. Churchill Contact : environnement@cadvoile.fr La mer a toujours \u00e9t\u00e9 importante pour l&#8217;Homme.Elle nous nourrit, nous transporte et nous apaise. Il est donc tout \u00e0 fait \u00e9vident pour notre section de participer \u00e0 la protection de cet \u00e9co-syst\u00e8me fragilis\u00e9.&hellip;<\/p>\n","protected":false},"author":1,"featured_media":0,"parent":0,"menu_order":0,"comment_status":"closed","ping_status":"closed","template":"","meta":{"_s2mail":"yes","footnotes":""},"class_list":["post-2309","page","type-page","status-publish","hentry"],"_links":{"self":[{"href":"https:\/\/cadvoile.fr\/index.php?rest_route=\/wp\/v2\/pages\/2309","targetHints":{"allow":["GET"]}}],"collection":[{"href":"https:\/\/cadvoile.fr\/index.php?rest_route=\/wp\/v2\/pages"}],"about":[{"href":"https:\/\/cadvoile.fr\/index.php?rest_route=\/wp\/v2\/types\/page"}],"author":[{"embeddable":true,"href":"https:\/\/cadvoile.fr\/index.php?rest_route=\/wp\/v2\/users\/1"}],"replies":[{"embeddable":true,"href":"https:\/\/cadvoile.fr\/index.php?rest_route=%2Fwp%2Fv2%2Fcomments&post=2309"}],"version-history":[{"count":51,"href":"https:\/\/cadvoile.fr\/index.php?rest_route=\/wp\/v2\/pages\/2309\/revisions"}],"predecessor-version":[{"id":4380,"href":"https:\/\/cadvoile.fr\/index.php?rest_route=\/wp\/v2\/pages\/2309\/revisions\/4380"}],"wp:attachment":[{"href":"https:\/\/cadvoile.fr\/index.php?rest_route=%2Fwp%2Fv2%2Fmedia&parent=2309"}],"curies":[{"name":"wp","href":"https:\/\/api.w.org\/{rel}","templated":true}]}}