{"id":2317,"date":"2019-03-09T11:00:36","date_gmt":"2019-03-09T10:00:36","guid":{"rendered":"http:\/\/cadvoile.fr\/?page_id=2317"},"modified":"2022-07-10T23:21:06","modified_gmt":"2022-07-10T21:21:06","slug":"entretient-carenage","status":"publish","type":"page","link":"https:\/\/cadvoile.fr\/?page_id=2317","title":{"rendered":"ENTRETIEN DU VOILIER"},"content":{"rendered":"\n<blockquote class=\"wp-block-quote has-text-align-center is-layout-flow wp-block-quote-is-layout-flow\"><p><em>&#8220;Qui veut voyager loin, m\u00e9nage sa monture.&#8221;<\/em><\/p><cite><em>Racine <\/em>  <\/cite><\/blockquote>\n\n\n\n<div class=\"wp-block-image\"><figure class=\"aligncenter\"><img loading=\"lazy\" decoding=\"async\" width=\"600\" height=\"222\" src=\"http:\/\/cadvoile.fr\/wp-content\/uploads\/2012\/04\/Clipboard01-600x222.jpg\" alt=\"\" class=\"wp-image-592\" srcset=\"https:\/\/cadvoile.fr\/wp-content\/uploads\/2012\/04\/Clipboard01-600x222.jpg 600w, https:\/\/cadvoile.fr\/wp-content\/uploads\/2012\/04\/Clipboard01-1024x380.jpg 1024w, https:\/\/cadvoile.fr\/wp-content\/uploads\/2012\/04\/Clipboard01.jpg 1026w\" sizes=\"auto, (max-width: 600px) 100vw, 600px\" \/><\/figure><\/div>\n\n\n\n<p class=\"has-text-align-center\"><strong>Contact <\/strong>: Mickael et Arthur (<a href=\"mailto:ohana@cadvoile.fr\">ohana@cadvoile.fr<\/a>) <br \/><br \/><\/p>\n\n\n\n<p class=\"has-text-align-center\">Les travaux r\u00e9guliers d&#8217;entretien du voilier sont r\u00e9alis\u00e9s b\u00e9n\u00e9volement par les adh\u00e9rents. <br \/><br \/>La sortie de l&#8217;eau du bateau pour la r\u00e9vision de la coque (car\u00e9nage) est effectu\u00e9e habituellement au printemps. <\/p>\n\n\n\n<p class=\"has-text-align-center\">Tous ces moments de maintenance sont d&#8217;excellentes occasions d&#8217;en apprendre plus sur le monde de la voile &#8230; <br \/>et dans la convivialit\u00e9 !<\/p>\n\n\n\n<p class=\"has-text-align-center\">Si vous souhaitez y participer, vous \u00eates les bienvenus !<br \/><br \/>Exemple d&#8217;un weekend de car\u00e9nage : <a href=\"http:\/\/cadvoile.fr\/?p=582\">ici<\/a><br \/><br \/><\/p>\n\n\n\n<p class=\"has-text-align-center\"><strong> Planning de l&#8217;entretien du voilier et inscription<\/strong> : \u00e9crire \u00e0  <a href=\"mailto:ohana@cadvoile.fr\">ohana@cadvoile.fr<\/a> <br \/><strong>Activit\u00e9 gratuite<\/strong><br \/><br \/> Brochure avec caract\u00e9ristiques du voilier : <a rel=\"noreferrer noopener\" href=\"http:\/\/cadvoile.fr\/wp-content\/uploads\/2010\/05\/ELAN_350_brochure.pdf\" target=\"_blank\">ici<\/a><br \/> Visite et test du voilier (version 2 cabines) : <a rel=\"noreferrer noopener\" href=\"https:\/\/www.youtube.com\/watch?v=5x2sk3LmFKE\" target=\"_blank\">ici<\/a><br \/><br \/> <strong>Documentation technique du voilier<\/strong> : <a href=\"http:\/\/cadvoile.fr\/?page_id=3237\">ici<\/a><\/p>\n","protected":false},"excerpt":{"rendered":"<p>&#8220;Qui veut voyager loin, m\u00e9nage sa monture.&#8221; Racine Contact : Mickael et Arthur (ohana@cadvoile.fr) Les travaux r\u00e9guliers d&#8217;entretien du voilier sont r\u00e9alis\u00e9s b\u00e9n\u00e9volement par les adh\u00e9rents. La sortie de l&#8217;eau du bateau pour la r\u00e9vision de la coque (car\u00e9nage) est effectu\u00e9e habituellement au printemps. Tous ces moments de maintenance sont d&#8217;excellentes occasions d&#8217;en apprendre plus&hellip;<\/p>\n","protected":false},"author":1,"featured_media":0,"parent":0,"menu_order":0,"comment_status":"closed","ping_status":"closed","template":"","meta":{"_s2mail":"yes","footnotes":""},"class_list":["post-2317","page","type-page","status-publish","hentry"],"_links":{"self":[{"href":"https:\/\/cadvoile.fr\/index.php?rest_route=\/wp\/v2\/pages\/2317","targetHints":{"allow":["GET"]}}],"collection":[{"href":"https:\/\/cadvoile.fr\/index.php?rest_route=\/wp\/v2\/pages"}],"about":[{"href":"https:\/\/cadvoile.fr\/index.php?rest_route=\/wp\/v2\/types\/page"}],"author":[{"embeddable":true,"href":"https:\/\/cadvoile.fr\/index.php?rest_route=\/wp\/v2\/users\/1"}],"replies":[{"embeddable":true,"href":"https:\/\/cadvoile.fr\/index.php?rest_route=%2Fwp%2Fv2%2Fcomments&post=2317"}],"version-history":[{"count":29,"href":"https:\/\/cadvoile.fr\/index.php?rest_route=\/wp\/v2\/pages\/2317\/revisions"}],"predecessor-version":[{"id":4381,"href":"https:\/\/cadvoile.fr\/index.php?rest_route=\/wp\/v2\/pages\/2317\/revisions\/4381"}],"wp:attachment":[{"href":"https:\/\/cadvoile.fr\/index.php?rest_route=%2Fwp%2Fv2%2Fmedia&parent=2317"}],"curies":[{"name":"wp","href":"https:\/\/api.w.org\/{rel}","templated":true}]}}