{"id":2320,"date":"2019-03-09T11:21:12","date_gmt":"2019-03-09T10:21:12","guid":{"rendered":"http:\/\/cadvoile.fr\/?page_id=2320"},"modified":"2019-04-17T18:04:14","modified_gmt":"2019-04-17T16:04:14","slug":"biblioteque","status":"publish","type":"page","link":"https:\/\/cadvoile.fr\/?page_id=2320","title":{"rendered":"BIBLIOTHEQUE"},"content":{"rendered":"\n<blockquote style=\"text-align:center\" class=\"wp-block-quote is-layout-flow wp-block-quote-is-layout-flow\"><p><em>&#8220;Lire, c&#8217;est voyager ; voyager, c&#8217;est lire.&#8221;<\/em><\/p><cite> <em>V. Hugo<\/em> <\/cite><\/blockquote>\n\n\n\n<div class=\"wp-block-image\"><figure class=\"aligncenter\"><img loading=\"lazy\" decoding=\"async\" width=\"300\" height=\"186\" src=\"http:\/\/cadvoile.fr\/wp-content\/uploads\/2019\/04\/books-3403121_640-300x186.jpg\" alt=\"\" class=\"wp-image-3140\" srcset=\"https:\/\/cadvoile.fr\/wp-content\/uploads\/2019\/04\/books-3403121_640-300x186.jpg 300w, https:\/\/cadvoile.fr\/wp-content\/uploads\/2019\/04\/books-3403121_640-600x372.jpg 600w, https:\/\/cadvoile.fr\/wp-content\/uploads\/2019\/04\/books-3403121_640.jpg 640w\" sizes=\"auto, (max-width: 300px) 100vw, 300px\" \/><\/figure><\/div>\n\n\n\n<p style=\"text-align:center\"><strong>Contact :  <\/strong>Secr\u00e9tariat (Joseph &#8211; 04 42 19 97 48 &#8211;  <a href=\"mailto:secretariat@cadvoile.fr\">secretariat@cadvoile.fr<\/a>)  \n\n<\/p>\n\n\n\n<p style=\"text-align:center\"> Notre section poss\u00e8de quelques livres, cartes marines et magazines <br \/>qui peuvent \u00eatre emprunt\u00e9s gratuitement par les membres de la section. <br \/><br \/>Les emprunts et retours ont lieu \u00e0 la permanence <br \/>(cantine 1 &#8211; jeudi de 12h30 \u00e0 13h30). <br \/><br \/> Pour compl\u00e9ter : <a rel=\"noreferrer noopener\" aria-label=\"http:\/\/www.actunautique.com\/ (s\u2019ouvre dans un nouvel onglet)\" href=\"http:\/\/www.actunautique.com\/\" target=\"_blank\">http:\/\/www.actunautique.com\/<\/a><br \/><br \/><\/p>\n\n\n\n<ul class=\"wp-block-gallery columns-4 is-cropped wp-block-gallery-1 is-layout-flex wp-block-gallery-is-layout-flex\"><li class=\"blocks-gallery-item\"><figure><img loading=\"lazy\" decoding=\"async\" width=\"827\" height=\"1024\" src=\"http:\/\/cadvoile.fr\/wp-content\/uploads\/2019\/03\/IMG_1297_2-827x1024.jpg\" alt=\"\" data-id=\"2423\" data-link=\"http:\/\/cadvoile.fr\/?attachment_id=2423\" class=\"wp-image-2423\" srcset=\"https:\/\/cadvoile.fr\/wp-content\/uploads\/2019\/03\/IMG_1297_2-827x1024.jpg 827w, https:\/\/cadvoile.fr\/wp-content\/uploads\/2019\/03\/IMG_1297_2-242x300.jpg 242w, https:\/\/cadvoile.fr\/wp-content\/uploads\/2019\/03\/IMG_1297_2-484x600.jpg 484w, https:\/\/cadvoile.fr\/wp-content\/uploads\/2019\/03\/IMG_1297_2-768x951.jpg 768w\" sizes=\"auto, (max-width: 827px) 100vw, 827px\" \/><\/figure><\/li><li class=\"blocks-gallery-item\"><figure><img loading=\"lazy\" decoding=\"async\" width=\"785\" height=\"1024\" src=\"http:\/\/cadvoile.fr\/wp-content\/uploads\/2019\/03\/IMG_1298_2-785x1024.jpg\" alt=\"\" data-id=\"2424\" data-link=\"http:\/\/cadvoile.fr\/?attachment_id=2424\" class=\"wp-image-2424\" srcset=\"https:\/\/cadvoile.fr\/wp-content\/uploads\/2019\/03\/IMG_1298_2-785x1024.jpg 785w, https:\/\/cadvoile.fr\/wp-content\/uploads\/2019\/03\/IMG_1298_2-230x300.jpg 230w, https:\/\/cadvoile.fr\/wp-content\/uploads\/2019\/03\/IMG_1298_2-460x600.jpg 460w, https:\/\/cadvoile.fr\/wp-content\/uploads\/2019\/03\/IMG_1298_2-768x1002.jpg 768w\" sizes=\"auto, (max-width: 785px) 100vw, 785px\" \/><\/figure><\/li><li class=\"blocks-gallery-item\"><figure><img loading=\"lazy\" decoding=\"async\" width=\"811\" height=\"1024\" src=\"http:\/\/cadvoile.fr\/wp-content\/uploads\/2019\/03\/IMG_1299_2-811x1024.jpg\" alt=\"\" data-id=\"2425\" data-link=\"http:\/\/cadvoile.fr\/?attachment_id=2425\" class=\"wp-image-2425\" srcset=\"https:\/\/cadvoile.fr\/wp-content\/uploads\/2019\/03\/IMG_1299_2-811x1024.jpg 811w, https:\/\/cadvoile.fr\/wp-content\/uploads\/2019\/03\/IMG_1299_2-238x300.jpg 238w, https:\/\/cadvoile.fr\/wp-content\/uploads\/2019\/03\/IMG_1299_2-475x600.jpg 475w, https:\/\/cadvoile.fr\/wp-content\/uploads\/2019\/03\/IMG_1299_2-768x970.jpg 768w\" sizes=\"auto, (max-width: 811px) 100vw, 811px\" \/><\/figure><\/li><li class=\"blocks-gallery-item\"><figure><img loading=\"lazy\" decoding=\"async\" width=\"765\" height=\"1024\" src=\"http:\/\/cadvoile.fr\/wp-content\/uploads\/2019\/03\/IMG_1301_V2-765x1024.jpg\" alt=\"\" data-id=\"2426\" data-link=\"http:\/\/cadvoile.fr\/?attachment_id=2426\" class=\"wp-image-2426\" srcset=\"https:\/\/cadvoile.fr\/wp-content\/uploads\/2019\/03\/IMG_1301_V2-765x1024.jpg 765w, https:\/\/cadvoile.fr\/wp-content\/uploads\/2019\/03\/IMG_1301_V2-224x300.jpg 224w, https:\/\/cadvoile.fr\/wp-content\/uploads\/2019\/03\/IMG_1301_V2-448x600.jpg 448w, https:\/\/cadvoile.fr\/wp-content\/uploads\/2019\/03\/IMG_1301_V2-768x1028.jpg 768w\" sizes=\"auto, (max-width: 765px) 100vw, 765px\" \/><\/figure><\/li><li class=\"blocks-gallery-item\"><figure><img loading=\"lazy\" decoding=\"async\" width=\"1024\" height=\"752\" src=\"http:\/\/cadvoile.fr\/wp-content\/uploads\/2019\/03\/IMG_1302_2-1024x752.jpg\" alt=\"\" data-id=\"2427\" data-link=\"http:\/\/cadvoile.fr\/?attachment_id=2427\" class=\"wp-image-2427\" srcset=\"https:\/\/cadvoile.fr\/wp-content\/uploads\/2019\/03\/IMG_1302_2-1024x752.jpg 1024w, https:\/\/cadvoile.fr\/wp-content\/uploads\/2019\/03\/IMG_1302_2-300x220.jpg 300w, https:\/\/cadvoile.fr\/wp-content\/uploads\/2019\/03\/IMG_1302_2-600x441.jpg 600w, https:\/\/cadvoile.fr\/wp-content\/uploads\/2019\/03\/IMG_1302_2-768x564.jpg 768w\" sizes=\"auto, (max-width: 1024px) 100vw, 1024px\" \/><\/figure><\/li><li class=\"blocks-gallery-item\"><figure><img loading=\"lazy\" decoding=\"async\" width=\"1024\" height=\"530\" src=\"http:\/\/cadvoile.fr\/wp-content\/uploads\/2019\/03\/IMG_1303_2-1024x530.jpg\" alt=\"\" data-id=\"2428\" data-link=\"http:\/\/cadvoile.fr\/?attachment_id=2428\" class=\"wp-image-2428\" srcset=\"https:\/\/cadvoile.fr\/wp-content\/uploads\/2019\/03\/IMG_1303_2-1024x530.jpg 1024w, https:\/\/cadvoile.fr\/wp-content\/uploads\/2019\/03\/IMG_1303_2-300x155.jpg 300w, https:\/\/cadvoile.fr\/wp-content\/uploads\/2019\/03\/IMG_1303_2-600x311.jpg 600w, https:\/\/cadvoile.fr\/wp-content\/uploads\/2019\/03\/IMG_1303_2-768x398.jpg 768w\" sizes=\"auto, (max-width: 1024px) 100vw, 1024px\" \/><\/figure><\/li><li class=\"blocks-gallery-item\"><figure><img loading=\"lazy\" decoding=\"async\" width=\"607\" height=\"1024\" src=\"http:\/\/cadvoile.fr\/wp-content\/uploads\/2019\/03\/IMG_1304_2-607x1024.jpg\" alt=\"\" data-id=\"2429\" data-link=\"http:\/\/cadvoile.fr\/?attachment_id=2429\" class=\"wp-image-2429\" srcset=\"https:\/\/cadvoile.fr\/wp-content\/uploads\/2019\/03\/IMG_1304_2-607x1024.jpg 607w, https:\/\/cadvoile.fr\/wp-content\/uploads\/2019\/03\/IMG_1304_2-178x300.jpg 178w, https:\/\/cadvoile.fr\/wp-content\/uploads\/2019\/03\/IMG_1304_2-356x600.jpg 356w, https:\/\/cadvoile.fr\/wp-content\/uploads\/2019\/03\/IMG_1304_2-768x1296.jpg 768w\" sizes=\"auto, (max-width: 607px) 100vw, 607px\" \/><\/figure><\/li><li class=\"blocks-gallery-item\"><figure><img loading=\"lazy\" decoding=\"async\" width=\"724\" height=\"1024\" src=\"http:\/\/cadvoile.fr\/wp-content\/uploads\/2019\/03\/IMG_1305_2-724x1024.jpg\" alt=\"\" data-id=\"2430\" data-link=\"http:\/\/cadvoile.fr\/?attachment_id=2430\" class=\"wp-image-2430\" srcset=\"https:\/\/cadvoile.fr\/wp-content\/uploads\/2019\/03\/IMG_1305_2-724x1024.jpg 724w, https:\/\/cadvoile.fr\/wp-content\/uploads\/2019\/03\/IMG_1305_2-212x300.jpg 212w, https:\/\/cadvoile.fr\/wp-content\/uploads\/2019\/03\/IMG_1305_2-424x600.jpg 424w, https:\/\/cadvoile.fr\/wp-content\/uploads\/2019\/03\/IMG_1305_2-768x1086.jpg 768w\" sizes=\"auto, (max-width: 724px) 100vw, 724px\" \/><\/figure><\/li><\/ul>\n","protected":false},"excerpt":{"rendered":"<p>&#8220;Lire, c&#8217;est voyager ; voyager, c&#8217;est lire.&#8221; V. Hugo Contact : Secr\u00e9tariat (Joseph &#8211; 04 42 19 97 48 &#8211; secretariat@cadvoile.fr) Notre section poss\u00e8de quelques livres, cartes marines et magazines qui peuvent \u00eatre emprunt\u00e9s gratuitement par les membres de la section. Les emprunts et retours ont lieu \u00e0 la permanence (cantine 1 &#8211; jeudi de&hellip;<\/p>\n","protected":false},"author":1,"featured_media":0,"parent":0,"menu_order":0,"comment_status":"closed","ping_status":"closed","template":"","meta":{"_s2mail":"","footnotes":""},"class_list":["post-2320","page","type-page","status-publish","hentry"],"_links":{"self":[{"href":"https:\/\/cadvoile.fr\/index.php?rest_route=\/wp\/v2\/pages\/2320","targetHints":{"allow":["GET"]}}],"collection":[{"href":"https:\/\/cadvoile.fr\/index.php?rest_route=\/wp\/v2\/pages"}],"about":[{"href":"https:\/\/cadvoile.fr\/index.php?rest_route=\/wp\/v2\/types\/page"}],"author":[{"embeddable":true,"href":"https:\/\/cadvoile.fr\/index.php?rest_route=\/wp\/v2\/users\/1"}],"replies":[{"embeddable":true,"href":"https:\/\/cadvoile.fr\/index.php?rest_route=%2Fwp%2Fv2%2Fcomments&post=2320"}],"version-history":[{"count":19,"href":"https:\/\/cadvoile.fr\/index.php?rest_route=\/wp\/v2\/pages\/2320\/revisions"}],"predecessor-version":[{"id":3509,"href":"https:\/\/cadvoile.fr\/index.php?rest_route=\/wp\/v2\/pages\/2320\/revisions\/3509"}],"wp:attachment":[{"href":"https:\/\/cadvoile.fr\/index.php?rest_route=%2Fwp%2Fv2%2Fmedia&parent=2320"}],"curies":[{"name":"wp","href":"https:\/\/api.w.org\/{rel}","templated":true}]}}