{"id":2328,"date":"2019-03-09T23:40:26","date_gmt":"2019-03-09T22:40:26","guid":{"rendered":"http:\/\/cadvoile.fr\/?page_id=2328"},"modified":"2022-07-10T23:26:52","modified_gmt":"2022-07-10T21:26:52","slug":"pour-une-sortie-reussie","status":"publish","type":"page","link":"https:\/\/cadvoile.fr\/?page_id=2328","title":{"rendered":"POUR UNE SORTIE R\u00c9USSIE !"},"content":{"rendered":"\n<div class=\"wp-block-image\"><figure class=\"aligncenter\"><img loading=\"lazy\" decoding=\"async\" width=\"300\" height=\"200\" src=\"http:\/\/cadvoile.fr\/wp-content\/uploads\/2019\/04\/youth-570881_640-300x200.jpg\" alt=\"\" class=\"wp-image-3152\" srcset=\"https:\/\/cadvoile.fr\/wp-content\/uploads\/2019\/04\/youth-570881_640-300x200.jpg 300w, https:\/\/cadvoile.fr\/wp-content\/uploads\/2019\/04\/youth-570881_640-600x399.jpg 600w, https:\/\/cadvoile.fr\/wp-content\/uploads\/2019\/04\/youth-570881_640.jpg 640w\" sizes=\"auto, (max-width: 300px) 100vw, 300px\" \/><\/figure><\/div>\n\n\n\n<p style=\"color:#911010\" class=\"has-text-color has-text-align-center\"><br \/><strong>MEMO : A EMPORTER POUR UNE SORTIE EN MER<\/strong><br \/><\/p>\n\n\n\n<p class=\"has-text-align-center\">Playlist pour se mettre dans une ambiance iod\u00e9e : <a rel=\"noreferrer noopener\" aria-label=\"ici (s\u2019ouvre dans un nouvel onglet)\" href=\"https:\/\/www.youtube.com\/watch?v=QDkqQvWwNpk\" target=\"_blank\">ici<\/a> ! \ud83d\ude09<br \/><br \/><\/p>\n\n\n\n<p>*Des v\u00eatements confortables et de saison, qui s\u00e8chent vite et qui ne craignent pas l&#8217;eau de mer (vous pouvez louer des v\u00eatements aupr\u00e8s de la section : <a href=\"https:\/\/cadvoile.fr\/?page_id=2326\">ici<\/a>). <br \/>Exemple :  un pantalon de pont (type jogging, pantalon en toile), un pull chaud  (pour les plus frileux, rajouter un sous-pull en merinos), une veste  imperm\u00e9able, un T-Shirt \u00e0 manche courte (en tissu respirant type coton),  des chaussures de pont (ou bottes).<br \/><em>Pensez \u00e0 prendre en compte qu&#8217;il fait plus frais en mer quand il y a du vent et la nuit.<\/em><br \/><br \/>*Un maillot de bain et un short par beau temps.<br \/><br \/>*Pour certaines r\u00e9gates, pour \u00e9viter des blessures lors des man\u0153uvres, suggestions : gants r\u00e9sistants, cycliste rembourr\u00e9, prot\u00e8ge-tibias, genouill\u00e8res.<br \/><br \/>*De quoi se prot\u00e9ger du soleil  m\u00eame si le temps est couvert (casquette, lunettes de soleil avec  protection UV, cr\u00e8me solaire et baume \u00e0 l\u00e8vre \u00e0 haute indice de  protection).<br \/>Sur le  bateau il n&#8217;y a pas d&#8217;ombre et l&#8217;exposition au soleil est  amplifi\u00e9e par  la r\u00e9verb\u00e9ration de l&#8217;eau. De plus, le vent att\u00e9nue la  sensation de  br\u00fblure. Un coup de soleil s&#8217;attrape donc vite sans m\u00eame  que l&#8217;on s&#8217;en  aper\u00e7oive.<br \/><em>Un coup de vent et une casquette peut vite s&#8217;envoler ! \u00c9vitez d&#8217;emmener votre casquette favorite !  <\/em><br \/><em>V\u00e9rifiez \u00e9galement que vos lunettes de soleil tiennent bien pour \u00e9viter de les faire tomber \u00e0 la mer lors des man\u0153uvres (ou pour plus de s\u00e9curit\u00e9, pensez \u00e0 mettre une cordelette pour lunettes).<\/em><br \/><br \/><\/p>\n\n\n\n<p>*L&#8217;avitaillement pr\u00e9vu avec les autres membres de l&#8217;\u00e9quipage : la mer, \u00e7a creuse !  <br \/><br \/><\/p>\n\n\n\n<p>*Un appareil photo  pour ceux qui veulent immortaliser leurs souvenirs (n&#8217;h\u00e9sitez pas \u00e0  nous transmettre vos photos et films pour en faire profiter les autres  adh\u00e9rents !)<br \/><br \/>*Pharmacie personnelle si vous suivez un traitement m\u00e9dical. <br \/><br \/>*De quoi prendre des notes pour ceux qui sont en apprentissage.<br \/><br \/>*Pour mettre tout cela, un sac de voyage souple et de pr\u00e9f\u00e9rence \u00e9tanche.  <br \/><br \/>*Et bien s\u00fbr de la bonne humeur ! <br \/><br \/>Pour les sorties de plus d&#8217;une journ\u00e9e, pensez \u00e0 rajouter :<br \/> &#8211; un sac de couchage (le pr\u00e9voir chaud hors saison estivale), un drap et un oreiller<br \/> &#8211; le n\u00e9cessaire pour la toilette (avec des produits respectueux de l&#8217;environnement, c&#8217;est encore mieux) <br \/> &#8211; une lampe de poche (ou une lampe frontale)<br \/> &#8211; le chargeur de votre t\u00e9l\u00e9phone portable <\/p>\n","protected":false},"excerpt":{"rendered":"<p>MEMO : A EMPORTER POUR UNE SORTIE EN MER Playlist pour se mettre dans une ambiance iod\u00e9e : ici ! \ud83d\ude09 *Des v\u00eatements confortables et de saison, qui s\u00e8chent vite et qui ne craignent pas l&#8217;eau de mer (vous pouvez louer des v\u00eatements aupr\u00e8s de la section : ici). Exemple : un pantalon de pont&hellip;<\/p>\n","protected":false},"author":1,"featured_media":0,"parent":0,"menu_order":0,"comment_status":"closed","ping_status":"closed","template":"","meta":{"_s2mail":"yes","footnotes":""},"class_list":["post-2328","page","type-page","status-publish","hentry"],"_links":{"self":[{"href":"https:\/\/cadvoile.fr\/index.php?rest_route=\/wp\/v2\/pages\/2328","targetHints":{"allow":["GET"]}}],"collection":[{"href":"https:\/\/cadvoile.fr\/index.php?rest_route=\/wp\/v2\/pages"}],"about":[{"href":"https:\/\/cadvoile.fr\/index.php?rest_route=\/wp\/v2\/types\/page"}],"author":[{"embeddable":true,"href":"https:\/\/cadvoile.fr\/index.php?rest_route=\/wp\/v2\/users\/1"}],"replies":[{"embeddable":true,"href":"https:\/\/cadvoile.fr\/index.php?rest_route=%2Fwp%2Fv2%2Fcomments&post=2328"}],"version-history":[{"count":37,"href":"https:\/\/cadvoile.fr\/index.php?rest_route=\/wp\/v2\/pages\/2328\/revisions"}],"predecessor-version":[{"id":4382,"href":"https:\/\/cadvoile.fr\/index.php?rest_route=\/wp\/v2\/pages\/2328\/revisions\/4382"}],"wp:attachment":[{"href":"https:\/\/cadvoile.fr\/index.php?rest_route=%2Fwp%2Fv2%2Fmedia&parent=2328"}],"curies":[{"name":"wp","href":"https:\/\/api.w.org\/{rel}","templated":true}]}}