{"id":2332,"date":"2019-03-10T00:12:32","date_gmt":"2019-03-09T23:12:32","guid":{"rendered":"http:\/\/cadvoile.fr\/?page_id=2332"},"modified":"2026-02-08T17:47:27","modified_gmt":"2026-02-08T16:47:27","slug":"plannings-inscriptions-preparatifs","status":"publish","type":"page","link":"https:\/\/cadvoile.fr\/?page_id=2332","title":{"rendered":"PLANNINGS \/ INSCRIPTIONS \/ PR\u00c9PARATIFS"},"content":{"rendered":"\n<p class=\"has-text-align-center has-text-color\" style=\"color:#911010\"><strong>PLANNINGS<\/strong><br \/><\/p>\n\n\n<div class=\"wp-block-image\">\n<figure class=\"aligncenter\"><img loading=\"lazy\" decoding=\"async\" width=\"600\" height=\"205\" src=\"http:\/\/cadvoile.fr\/wp-content\/uploads\/2019\/04\/pocket-watch-1637396_1280-600x205.jpg\" alt=\"\" class=\"wp-image-3162\" srcset=\"https:\/\/cadvoile.fr\/wp-content\/uploads\/2019\/04\/pocket-watch-1637396_1280-600x205.jpg 600w, https:\/\/cadvoile.fr\/wp-content\/uploads\/2019\/04\/pocket-watch-1637396_1280-300x102.jpg 300w, https:\/\/cadvoile.fr\/wp-content\/uploads\/2019\/04\/pocket-watch-1637396_1280-768x262.jpg 768w, https:\/\/cadvoile.fr\/wp-content\/uploads\/2019\/04\/pocket-watch-1637396_1280-1024x350.jpg 1024w, https:\/\/cadvoile.fr\/wp-content\/uploads\/2019\/04\/pocket-watch-1637396_1280.jpg 1280w\" sizes=\"auto, (max-width: 600px) 100vw, 600px\" \/><\/figure>\n<\/div>\n\n\n<p class=\"has-text-align-center\"><a href=\"http:\/\/cadvoile.fr\/data\/index.php\/s\/ZMloIfaTrTe4SRz\">Planning des sorties d&#8217;Ohana<\/a> <br \/><a href=\"https:\/\/cadvoile.fr\/data\/index.php\/s\/gEWnZQf82qDCJAo\">Planning des R\u00e9gates<\/a><\/p>\n\n\n\n<p class=\"has-text-align-center has-text-color\" style=\"color:#911010\"><strong>POUR S&#8217;INSCRIRE<\/strong><\/p>\n\n\n\n<p class=\"has-text-align-center\"><strong>R\u00e9gates<\/strong> : Carole, <a href=\"mailto:krole.paravisini@free.fr\">krole.paravisini@free.fr<\/a><br \/><strong>Convoyages<\/strong>: Carole, <a href=\"mailto:krole.paravisini@free.fr\">krole.paravisini@free.fr<\/a><br \/><strong>Apprentissage<\/strong> : Antoine, <a href=\"mailto:apprentissage@cadvoile.fr\">apprentissage@cadvoile.fr<\/a><br \/><strong>Entretien du voilier<\/strong> : Arthur<\/p>\n\n\n\n<p class=\"has-text-align-center\"> Coordonn\u00e9es de tous nos skippers exp\u00e9riment\u00e9s : <a href=\"http:\/\/cadvoile.fr\/?page_id=2357\">ici<\/a><\/p>\n\n\n\n<p class=\"has-text-align-center\">Une fois l&#8217;inscription valid\u00e9e, votre nom appara\u00eetra dans le planning concern\u00e9. <br \/><br \/><\/p>\n\n\n\n<p class=\"has-text-align-center has-text-color\" style=\"color:#911010\"><strong>PR\u00c9PARATIFS<\/strong><\/p>\n\n\n\n<div class=\"wp-block-columns has-2-columns is-layout-flex wp-container-core-columns-is-layout-9d6595d7 wp-block-columns-is-layout-flex\">\n<div class=\"wp-block-column is-layout-flow wp-block-column-is-layout-flow\"><div class=\"wp-block-image\">\n<figure class=\"alignright\"><img loading=\"lazy\" decoding=\"async\" width=\"640\" height=\"426\" src=\"http:\/\/cadvoile.fr\/wp-content\/uploads\/2019\/04\/sunset-298850_640.jpg\" alt=\"\" class=\"wp-image-3158\" srcset=\"https:\/\/cadvoile.fr\/wp-content\/uploads\/2019\/04\/sunset-298850_640.jpg 640w, https:\/\/cadvoile.fr\/wp-content\/uploads\/2019\/04\/sunset-298850_640-300x200.jpg 300w, https:\/\/cadvoile.fr\/wp-content\/uploads\/2019\/04\/sunset-298850_640-600x399.jpg 600w\" sizes=\"auto, (max-width: 640px) 100vw, 640px\" \/><\/figure>\n<\/div><\/div>\n\n\n\n<div class=\"wp-block-column is-layout-flow wp-block-column-is-layout-flow\">\n<p><br \/><br \/>Parce que les sorties Voile d\u00e9pendent grandement de la <strong>m\u00e9t\u00e9o<\/strong>, voici notre s\u00e9lection de liens internet pour faire le point : <br \/>&#8211; Meteo France : <a rel=\"noreferrer noopener\" href=\"http:\/\/www.meteofrance.com\/previsions-meteo-marine\/marine\" target=\"_blank\">ici <\/a><br \/>&#8211; MeteoConsult : <a rel=\"noreferrer noopener\" href=\"https:\/\/marine.meteoconsult.fr\/meteo-marine\/previsions-meteo-marine.php\" target=\"_blank\">ici<\/a><br \/>&#8211; Vigilance Meteo France : <a rel=\"noreferrer noopener\" href=\"http:\/\/vigilance.meteofrance.com\/\" target=\"_blank\">ici<\/a> <\/p>\n<\/div>\n<\/div>\n\n\n\n<div class=\"wp-block-columns has-2-columns is-layout-flex wp-container-core-columns-is-layout-9d6595d7 wp-block-columns-is-layout-flex\">\n<div class=\"wp-block-column is-layout-flow wp-block-column-is-layout-flow\"><div class=\"wp-block-image\">\n<figure class=\"alignright\"><img loading=\"lazy\" decoding=\"async\" width=\"640\" height=\"480\" src=\"http:\/\/cadvoile.fr\/wp-content\/uploads\/2019\/04\/cassis-port-miou-2.jpg\" alt=\"\" class=\"wp-image-3413\" srcset=\"https:\/\/cadvoile.fr\/wp-content\/uploads\/2019\/04\/cassis-port-miou-2.jpg 640w, https:\/\/cadvoile.fr\/wp-content\/uploads\/2019\/04\/cassis-port-miou-2-300x225.jpg 300w, https:\/\/cadvoile.fr\/wp-content\/uploads\/2019\/04\/cassis-port-miou-2-600x450.jpg 600w, https:\/\/cadvoile.fr\/wp-content\/uploads\/2019\/04\/cassis-port-miou-2-120x90.jpg 120w\" sizes=\"auto, (max-width: 640px) 100vw, 640px\" \/><\/figure>\n<\/div><\/div>\n\n\n\n<div class=\"wp-block-column is-layout-flow wp-block-column-is-layout-flow\">\n<p><br \/><br \/><br \/><br \/>Comment se rendre au <strong>port<\/strong> : <a href=\"https:\/\/www.google.com\/maps?q=Club+Nautique+de+Port+Miou&amp;ftid=0x12c9ba8970873b95:0x12915e4bf661fea8\" target=\"_blank\" rel=\"noreferrer noopener\" aria-label=\"ici (s\u2019ouvre dans un nouvel onglet)\">ici<\/a><br \/><em>(n&#8217;h\u00e9sitez pas \u00e0 contacter le skipper pour organiser un co-voiturage) :<\/em><\/p>\n<\/div>\n<\/div>\n\n\n\n<div class=\"wp-block-columns has-2-columns is-layout-flex wp-container-core-columns-is-layout-9d6595d7 wp-block-columns-is-layout-flex\">\n<div class=\"wp-block-column is-layout-flow wp-block-column-is-layout-flow\"><div class=\"wp-block-image\">\n<figure class=\"alignright\"><img loading=\"lazy\" decoding=\"async\" width=\"640\" height=\"426\" src=\"http:\/\/cadvoile.fr\/wp-content\/uploads\/2019\/04\/youth-570881_640.jpg\" alt=\"\" class=\"wp-image-3152\" srcset=\"https:\/\/cadvoile.fr\/wp-content\/uploads\/2019\/04\/youth-570881_640.jpg 640w, https:\/\/cadvoile.fr\/wp-content\/uploads\/2019\/04\/youth-570881_640-300x200.jpg 300w, https:\/\/cadvoile.fr\/wp-content\/uploads\/2019\/04\/youth-570881_640-600x399.jpg 600w\" sizes=\"auto, (max-width: 640px) 100vw, 640px\" \/><\/figure>\n<\/div><\/div>\n\n\n\n<div class=\"wp-block-column is-layout-flow wp-block-column-is-layout-flow\">\n<p><br \/><br \/><br \/><br \/><br \/>Memo du <strong>mat\u00e9riel<\/strong> \u00e0 apporter : <a href=\"http:\/\/cadvoile.fr\/?page_id=2328\">ici<\/a><\/p>\n<\/div>\n<\/div>\n\n\n\n<div class=\"wp-block-media-text alignwide\" style=\"grid-template-columns:46% auto\"><figure class=\"wp-block-media-text__media\"><img loading=\"lazy\" decoding=\"async\" width=\"300\" height=\"169\" src=\"http:\/\/cadvoile.fr\/wp-content\/uploads\/2015\/09\/20150829_200629_resized-300x169.jpeg\" alt=\"\" class=\"wp-image-1963 size-full\" srcset=\"https:\/\/cadvoile.fr\/wp-content\/uploads\/2015\/09\/20150829_200629_resized-300x169.jpeg 300w, https:\/\/cadvoile.fr\/wp-content\/uploads\/2015\/09\/20150829_200629_resized-600x338.jpeg 600w, https:\/\/cadvoile.fr\/wp-content\/uploads\/2015\/09\/20150829_200629_resized.jpeg 640w\" sizes=\"auto, (max-width: 300px) 100vw, 300px\" \/><\/figure><div class=\"wp-block-media-text__content\">\n<p><strong>Avitaillement<\/strong> &#8211; Contenu actuel du garde-manger : <a rel=\"noreferrer noopener\" href=\"https:\/\/www.eleves.ens.fr\/pads\/p\/garde-manger\" target=\"_blank\">ici<\/a><br \/><em>(merci de mettre \u00e0 jour la liste apr\u00e8s chaque sortie)<\/em><\/p>\n\n\n\n<p>La cuisine du voilier est tr\u00e8s bien \u00e9quip\u00e9e : four, frigo, 2 plaques de cuisson et divers ustensiles.  Avis aux  p\u00eacheurs : le voilier dispose d&#8217;un porte-canne, n&#8217;h\u00e9sitez pas \u00e0 emmener  votre mat\u00e9riel pour nous faire d\u00e9guster votre p\u00eache du jour !  \n\n<\/p>\n<\/div><\/div>\n\n\n\n<p><\/p>\n\n\n\n<div class=\"wp-block-columns has-2-columns is-layout-flex wp-container-core-columns-is-layout-9d6595d7 wp-block-columns-is-layout-flex\">\n<div class=\"wp-block-column is-layout-flow wp-block-column-is-layout-flow\">\n<p><\/p>\n<\/div>\n\n\n\n<div class=\"wp-block-column is-layout-flow wp-block-column-is-layout-flow\"><\/div>\n<\/div>\n\n\n\n<div class=\"wp-block-columns has-2-columns is-layout-flex wp-container-core-columns-is-layout-9d6595d7 wp-block-columns-is-layout-flex\">\n<div class=\"wp-block-column is-layout-flow wp-block-column-is-layout-flow\"><\/div>\n\n\n\n<div class=\"wp-block-column is-layout-flow wp-block-column-is-layout-flow\">\n<p><\/p>\n<\/div>\n<\/div>\n","protected":false},"excerpt":{"rendered":"<p>PLANNINGS Planning des sorties d&#8217;Ohana Planning des R\u00e9gates POUR S&#8217;INSCRIRE R\u00e9gates : Carole, krole.paravisini@free.frConvoyages: Carole, krole.paravisini@free.frApprentissage : Antoine, apprentissage@cadvoile.frEntretien du voilier : Arthur Coordonn\u00e9es de tous nos skippers exp\u00e9riment\u00e9s : ici Une fois l&#8217;inscription valid\u00e9e, votre nom appara\u00eetra dans le planning concern\u00e9. PR\u00c9PARATIFS Parce que les sorties Voile d\u00e9pendent grandement de la m\u00e9t\u00e9o, voici notre&hellip;<\/p>\n","protected":false},"author":1,"featured_media":0,"parent":0,"menu_order":0,"comment_status":"closed","ping_status":"closed","template":"","meta":{"_s2mail":"yes","footnotes":""},"class_list":["post-2332","page","type-page","status-publish","hentry"],"_links":{"self":[{"href":"https:\/\/cadvoile.fr\/index.php?rest_route=\/wp\/v2\/pages\/2332","targetHints":{"allow":["GET"]}}],"collection":[{"href":"https:\/\/cadvoile.fr\/index.php?rest_route=\/wp\/v2\/pages"}],"about":[{"href":"https:\/\/cadvoile.fr\/index.php?rest_route=\/wp\/v2\/types\/page"}],"author":[{"embeddable":true,"href":"https:\/\/cadvoile.fr\/index.php?rest_route=\/wp\/v2\/users\/1"}],"replies":[{"embeddable":true,"href":"https:\/\/cadvoile.fr\/index.php?rest_route=%2Fwp%2Fv2%2Fcomments&post=2332"}],"version-history":[{"count":89,"href":"https:\/\/cadvoile.fr\/index.php?rest_route=\/wp\/v2\/pages\/2332\/revisions"}],"predecessor-version":[{"id":4912,"href":"https:\/\/cadvoile.fr\/index.php?rest_route=\/wp\/v2\/pages\/2332\/revisions\/4912"}],"wp:attachment":[{"href":"https:\/\/cadvoile.fr\/index.php?rest_route=%2Fwp%2Fv2%2Fmedia&parent=2332"}],"curies":[{"name":"wp","href":"https:\/\/api.w.org\/{rel}","templated":true}]}}