{"id":2337,"date":"2019-03-10T00:18:11","date_gmt":"2019-03-09T23:18:11","guid":{"rendered":"http:\/\/cadvoile.fr\/?page_id=2337"},"modified":"2026-02-09T20:08:37","modified_gmt":"2026-02-09T19:08:37","slug":"adherer","status":"publish","type":"page","link":"https:\/\/cadvoile.fr\/?page_id=2337","title":{"rendered":"ADH\u00c9RER"},"content":{"rendered":"\n<p class=\"has-text-align-left\"><strong>Dur\u00e9e de l&#8217;adh\u00e9sion : <\/strong>Valable du 1er octobre au 30 septembre.<br \/><br \/><strong>Dossier<\/strong> : L&#8217;adh\u00e9sion est effective apr\u00e8s avoir rempli ces conditions : <br \/><\/p>\n\n\n\n<ul class=\"wp-block-list\">\n<li>Avoir une <a href=\"https:\/\/asceacad.fr\/documents-pratiques\/bulletin-dadhesion\/\">Carte d&#8217;adh\u00e9rent AS CEA<\/a> \u00e0 jour<\/li>\n\n\n\n<li>Renseigner le <a href=\"https:\/\/cadvoile.fr\/data\/index.php\/s\/b6ynqJTybqgMkjy\">Bulletin d&#8217;adh\u00e9sion<\/a> \u00e0 la section voile<\/li>\n\n\n\n<li>Uniquement si participer aux r\u00e9gates : Certificat m\u00e9dical r\u00e9cent d&#8217;aptitude \u00e0 la pratique de la voile (imp\u00e9rativement y \u00eatre pr\u00e9cis\u00e9 &#8220;en comp\u00e9tition&#8221;)<\/li>\n\n\n\n<li>R\u00e8glement par virement (indiquez dans l&#8217;ent\u00eate du virement : (Nom\/Pr\u00e9nom\/type Adh\u00e9sion) <br \/><\/li>\n<\/ul>\n\n\n\n<p>Dossier \u00e0 envoyer par mail \u00e0 Joseph, adresse mail sur le bulletin d&#8217;adh\u00e9sion<br \/><br \/>Pour toute demande d&#8217;information compl\u00e9mentaire :<br \/>Secr\u00e9tariat : Joseph &#8211; 04 42 19 97 48 &#8211; <a href=\"mailto:secretariat@cadvoile.fr\">secretariat@cadvoile.fr<\/a> <br \/><br \/> <strong>Cotisation<\/strong><\/p>\n\n\n\n<figure class=\"wp-block-table is-style-stripes\"><table><tbody><tr><td>Ayants droit et partenaires*<\/td><td>24\u20ac**<\/td><\/tr><tr><td>Conjoint et enfant de 16 ans et plus  (ayants droit et partenaires*) <\/td><td>17\u20ac**<\/td><\/tr><tr><td>Enfant de moins de 16 ans (ayants droit et partenaires*)<\/td><td>8\u20ac<\/td><\/tr><tr><td><\/td><td><\/td><\/tr><tr><td>Mini-cotisation (pour participer ponctuellement : 1 sortie de 3 jours maximum)<\/td><td>10\u20ac<\/td><\/tr><tr><td>Sur-cotisation (pour b\u00e9n\u00e9ficier des tarifs des ayants droit et partenaires* lors des sorties en mer)<\/td><td>80\u20ac<\/td><\/tr><tr><td>Licence FFV (obligatoire pour certaines r\u00e9gates)<\/td><td>72\u20ac<\/td><\/tr><tr><td><\/td><td><\/td><\/tr><tr><td>* <em>Les ayants droit sont : le personnel CEA (tout type de contrat) et les retrait\u00e9s CEA,<\/em> <em>leur conjoint et leurs enfants<\/em><br \/><em>    Les partenaires sont : les personnes travaillant \u00e0 ITER<\/em><br \/><\/td><td><\/td><\/tr><tr><td>**<em> dont 3\u20ac revers\u00e9s \u00e0 la Soci\u00e9t\u00e9 Nationale de Sauvetage en Mer<\/em><\/td><td><\/td><\/tr><\/tbody><\/table><\/figure>\n\n\n\n<p class=\"has-text-align-left\"><br \/><strong>B\u00e9n\u00e9volat<\/strong><br \/>Que vous ayez un peu de temps disponible ou que vous souhaitiez vous investir davantage dans notre section, toutes les bonnes volont\u00e9s sont les bienvenues !<br \/><br \/> <strong>Adh\u00e9rer, c&#8217;est aussi accepter :<\/strong><br \/> &#8211; Le <a href=\"https:\/\/asceacad.fr\/documents-pratiques\/reglementations\/\" target=\"_blank\" rel=\"noreferrer noopener\">r\u00e8glement int\u00e9rieur et les statuts<\/a> de l&#8217;ASCEA Cadarache ;<br \/> &#8211; Le <a href=\"https:\/\/cadvoile.fr\/data\/index.php\/s\/hs2HhUbOYeiS6gA\" target=\"_blank\" rel=\"noreferrer noopener\">r\u00e9glement int\u00e9rieur<\/a> de la Section Voile.<\/p>\n","protected":false},"excerpt":{"rendered":"<p>Dur\u00e9e de l&#8217;adh\u00e9sion : Valable du 1er octobre au 30 septembre. Dossier : L&#8217;adh\u00e9sion est effective apr\u00e8s avoir rempli ces conditions : Dossier \u00e0 envoyer par mail \u00e0 Joseph, adresse mail sur le bulletin d&#8217;adh\u00e9sion Pour toute demande d&#8217;information compl\u00e9mentaire :Secr\u00e9tariat : Joseph &#8211; 04 42 19 97 48 &#8211; secretariat@cadvoile.fr Cotisation Ayants droit et&hellip;<\/p>\n","protected":false},"author":1,"featured_media":0,"parent":0,"menu_order":0,"comment_status":"closed","ping_status":"closed","template":"","meta":{"_s2mail":"yes","footnotes":""},"class_list":["post-2337","page","type-page","status-publish","hentry"],"_links":{"self":[{"href":"https:\/\/cadvoile.fr\/index.php?rest_route=\/wp\/v2\/pages\/2337","targetHints":{"allow":["GET"]}}],"collection":[{"href":"https:\/\/cadvoile.fr\/index.php?rest_route=\/wp\/v2\/pages"}],"about":[{"href":"https:\/\/cadvoile.fr\/index.php?rest_route=\/wp\/v2\/types\/page"}],"author":[{"embeddable":true,"href":"https:\/\/cadvoile.fr\/index.php?rest_route=\/wp\/v2\/users\/1"}],"replies":[{"embeddable":true,"href":"https:\/\/cadvoile.fr\/index.php?rest_route=%2Fwp%2Fv2%2Fcomments&post=2337"}],"version-history":[{"count":85,"href":"https:\/\/cadvoile.fr\/index.php?rest_route=\/wp\/v2\/pages\/2337\/revisions"}],"predecessor-version":[{"id":4913,"href":"https:\/\/cadvoile.fr\/index.php?rest_route=\/wp\/v2\/pages\/2337\/revisions\/4913"}],"wp:attachment":[{"href":"https:\/\/cadvoile.fr\/index.php?rest_route=%2Fwp%2Fv2%2Fmedia&parent=2337"}],"curies":[{"name":"wp","href":"https:\/\/api.w.org\/{rel}","templated":true}]}}