{"id":2357,"date":"2019-03-10T09:37:21","date_gmt":"2019-03-10T08:37:21","guid":{"rendered":"http:\/\/cadvoile.fr\/?page_id=2357"},"modified":"2023-09-13T14:37:54","modified_gmt":"2023-09-13T12:37:54","slug":"skippers","status":"publish","type":"page","link":"https:\/\/cadvoile.fr\/?page_id=2357","title":{"rendered":"SKIPPERS"},"content":{"rendered":"\n<div class=\"wp-block-image\"><figure class=\"aligncenter\"><img loading=\"lazy\" decoding=\"async\" width=\"248\" height=\"300\" src=\"http:\/\/cadvoile.fr\/wp-content\/uploads\/2019\/04\/ships-wheel-2154587_640-248x300.png\" alt=\"\" class=\"wp-image-3146\" srcset=\"https:\/\/cadvoile.fr\/wp-content\/uploads\/2019\/04\/ships-wheel-2154587_640-248x300.png 248w, https:\/\/cadvoile.fr\/wp-content\/uploads\/2019\/04\/ships-wheel-2154587_640-496x600.png 496w, https:\/\/cadvoile.fr\/wp-content\/uploads\/2019\/04\/ships-wheel-2154587_640.png 529w\" sizes=\"auto, (max-width: 248px) 100vw, 248px\" \/><\/figure><\/div>\n\n\n\n<p style=\"color:#911010\" class=\"has-text-color has-text-align-center\"> <strong>Skippers de notre section<\/strong><br \/><br \/><\/p>\n\n\n\n<figure class=\"wp-block-table aligncenter is-style-stripes\"><table><tbody><tr><td class=\"has-text-align-left\" data-align=\"left\">Alain<\/td><td><\/td><\/tr><tr><td class=\"has-text-align-left\" data-align=\"left\">Andr\u00e9<\/td><td><\/td><\/tr><tr><td class=\"has-text-align-left\" data-align=\"left\">Antoine<\/td><td><a href=\"mailto:Antoine.Sirinelli@iter.org\">Antoine.Sirinelli@iter.org<\/a><\/td><\/tr><tr><td class=\"has-text-align-left\" data-align=\"left\">Arthur<\/td><td><\/td><\/tr><tr><td class=\"has-text-align-left\" data-align=\"left\">Carole<\/td><td><\/td><\/tr><tr><td class=\"has-text-align-left\" data-align=\"left\">Dominique<\/td><td><a href=\"mailto:dominique.drapeau@cea.fr\">dominique.drapeau@cea.fr<\/a> &#8211; 06 63 18 80 64<\/td><\/tr><tr><td class=\"has-text-align-left\" data-align=\"left\">\u00c9ric C.<\/td><td><a href=\"mailto:ericc@cadvoile.fr\">ericc@cadvoile.fr<\/a><\/td><\/tr><tr><td class=\"has-text-align-left\" data-align=\"left\">\u00c9ric G.<\/td><td>04 42 25 42 04<\/td><\/tr><tr><td class=\"has-text-align-left\" data-align=\"left\">Gr\u00e9goire<\/td><td><a href=\"mailto:gregoire.louvet@cea.fr\">gregoire.louvet@cea.fr<\/a> &#8211; 06 70 53 04 12<\/td><\/tr><tr><td class=\"has-text-align-left\" data-align=\"left\">Guillaume<\/td><td>04 42 19 92 44<\/td><\/tr><tr><td class=\"has-text-align-left\" data-align=\"left\">Jean-Claude<\/td><td><a href=\"mailto:jean-claude.petronin@outlook.fr\">jean-claude.petronin@outlook.fr<\/a><\/td><\/tr><tr><td class=\"has-text-align-left\" data-align=\"left\">Joseph<\/td><td>04 42 19 97 48<\/td><\/tr><tr><td class=\"has-text-align-left\" data-align=\"left\">Mary-Carmen<\/td><td><\/td><\/tr><tr><td class=\"has-text-align-left\" data-align=\"left\">Paul<\/td><td><\/td><\/tr><tr><td class=\"has-text-align-left\" data-align=\"left\">Pierre<\/td><td><a href=\"mailto:pierre.neveu@cea.fr\">pierre.neveu@cea.fr<\/a> &#8211; 06 67 85 63 99<\/td><\/tr><tr><td class=\"has-text-align-left\" data-align=\"left\">St\u00e9phane<\/td><td>04 42 25 21 63<\/td><\/tr><tr><td class=\"has-text-align-left\" data-align=\"left\">Thierry L.<\/td><td>04 42 25 38 65<\/td><\/tr><tr><td class=\"has-text-align-left\" data-align=\"left\">Thierry R.<\/td><td>04 42 25 79 76<\/td><\/tr><tr><td class=\"has-text-align-left\" data-align=\"left\">Yvon<\/td><td>04 42 25 24 85<\/td><\/tr><\/tbody><\/table><\/figure>\n\n\n\n<p class=\"has-text-align-center\"><a href=\"https:\/\/cadvoile.fr\/data\/index.php\/s\/F4lpiIhDKgNC90C\" target=\"_blank\" rel=\"noreferrer noopener\">La charte du chef de bord<\/a><br \/>Pour envoyer un email \u00e0 tous les skippers : <a href=\"cadvoile-skipper@framaliste.org\">cadvoile-skipper@framaliste.org<\/a><\/p>\n","protected":false},"excerpt":{"rendered":"<p>Skippers de notre section Alain Andr\u00e9 Antoine Antoine.Sirinelli@iter.org Arthur Carole Dominique dominique.drapeau@cea.fr &#8211; 06 63 18 80 64 \u00c9ric C. ericc@cadvoile.fr \u00c9ric G. 04 42 25 42 04 Gr\u00e9goire gregoire.louvet@cea.fr &#8211; 06 70 53 04 12 Guillaume 04 42 19 92 44 Jean-Claude jean-claude.petronin@outlook.fr Joseph 04 42 19 97 48 Mary-Carmen Paul Pierre pierre.neveu@cea.fr &#8211;&hellip;<\/p>\n","protected":false},"author":1,"featured_media":0,"parent":0,"menu_order":0,"comment_status":"closed","ping_status":"closed","template":"","meta":{"_s2mail":"yes","footnotes":""},"class_list":["post-2357","page","type-page","status-publish","hentry"],"_links":{"self":[{"href":"https:\/\/cadvoile.fr\/index.php?rest_route=\/wp\/v2\/pages\/2357","targetHints":{"allow":["GET"]}}],"collection":[{"href":"https:\/\/cadvoile.fr\/index.php?rest_route=\/wp\/v2\/pages"}],"about":[{"href":"https:\/\/cadvoile.fr\/index.php?rest_route=\/wp\/v2\/types\/page"}],"author":[{"embeddable":true,"href":"https:\/\/cadvoile.fr\/index.php?rest_route=\/wp\/v2\/users\/1"}],"replies":[{"embeddable":true,"href":"https:\/\/cadvoile.fr\/index.php?rest_route=%2Fwp%2Fv2%2Fcomments&post=2357"}],"version-history":[{"count":61,"href":"https:\/\/cadvoile.fr\/index.php?rest_route=\/wp\/v2\/pages\/2357\/revisions"}],"predecessor-version":[{"id":4556,"href":"https:\/\/cadvoile.fr\/index.php?rest_route=\/wp\/v2\/pages\/2357\/revisions\/4556"}],"wp:attachment":[{"href":"https:\/\/cadvoile.fr\/index.php?rest_route=%2Fwp%2Fv2%2Fmedia&parent=2357"}],"curies":[{"name":"wp","href":"https:\/\/api.w.org\/{rel}","templated":true}]}}