{"id":3237,"date":"2019-04-16T17:17:06","date_gmt":"2019-04-16T15:17:06","guid":{"rendered":"http:\/\/cadvoile.fr\/?page_id=3237"},"modified":"2020-07-16T16:50:04","modified_gmt":"2020-07-16T14:50:04","slug":"documentation-technique","status":"publish","type":"page","link":"https:\/\/cadvoile.fr\/?page_id=3237","title":{"rendered":"DOCUMENTATION TECHNIQUE"},"content":{"rendered":"\n<p style=\"color:#911010\" class=\"has-text-color has-text-align-center has-medium-font-size\"><strong>Notices techniques des \u00e9quipements d&#8217;Ohana<\/strong><br \/><\/p>\n\n\n\n<p class=\"has-text-align-center\"><em>(cliquer sur le th\u00e8me souhait\u00e9 pour afficher les informations)<\/em><\/p>\n\n\n\n<ul class=\"wp-block-list\"><li><a rel=\"noreferrer noopener\" aria-label=\" (s\u2019ouvre dans un nouvel onglet)\" href=\"http:\/\/cadvoile.fr\/data\/index.php\/s\/Y5YNjwc0OH7Faow\" target=\"_blank\">AIS &#8211; Graphene<\/a><\/li><li><a rel=\"noreferrer noopener\" aria-label=\" (s\u2019ouvre dans un nouvel onglet)\" href=\"http:\/\/cadvoile.fr\/data\/index.php\/s\/gD0l1cOjXZ48kah\" target=\"_blank\">Ecran large multifonction &#8211; Raymarine<\/a><\/li><li><a href=\"http:\/\/cadvoile.fr\/data\/index.php\/s\/Md1kIntN5qBMzOE\">Emmagasineur (code D) &#8211;<\/a><a rel=\"noreferrer noopener\" aria-label=\" Karver (s\u2019ouvre dans un nouvel onglet)\" href=\"http:\/\/cadvoile.fr\/data\/index.php\/s\/Md1kIntN5qBMzOE\" target=\"_blank\"> Karver<\/a><\/li><li><a href=\"http:\/\/cadvoile.fr\/data\/index.php\/s\/guK1c20lLrRdOKo\">Enrouleur (de g\u00e9nois) <\/a><a rel=\"noreferrer noopener\" aria-label=\"- Furlex (s\u2019ouvre dans un nouvel onglet)\" href=\"http:\/\/cadvoile.fr\/data\/index.php\/s\/guK1c20lLrRdOKo\" target=\"_blank\">&#8211; Furlex<\/a><\/li><li><a href=\"http:\/\/cadvoile.fr\/data\/index.php\/s\/H1t0tB3e3TJEJSU\">Winchs (entretien) &#8211; <\/a><a rel=\"noreferrer noopener\" aria-label=\"Harken (s\u2019ouvre dans un nouvel onglet)\" href=\"http:\/\/cadvoile.fr\/data\/index.php\/s\/H1t0tB3e3TJEJSU\" target=\"_blank\">Harken<\/a><\/li><li><a href=\"http:\/\/cadvoile.fr\/data\/index.php\/s\/gL74eJ2wSOiY8fz\">Afficheur (pied de m\u00e2t) &#8211; <\/a><a rel=\"noreferrer noopener\" aria-label=\"Garmin (s\u2019ouvre dans un nouvel onglet)\" href=\"http:\/\/cadvoile.fr\/data\/index.php\/s\/gL74eJ2wSOiY8fz\" target=\"_blank\">Garmin<\/a><\/li><li><a href=\"http:\/\/cadvoile.fr\/data\/index.php\/s\/ufkkk3eIe1mE2Co\">Guindeau &#8211; L<\/a><a rel=\"noreferrer noopener\" aria-label=\"ofran' (s\u2019ouvre dans un nouvel onglet)\" href=\"http:\/\/cadvoile.fr\/data\/index.php\/s\/ufkkk3eIe1mE2Co\" target=\"_blank\">ofran&#8217;<\/a><\/li><li><a href=\"http:\/\/cadvoile.fr\/data\/index.php\/s\/dQjheKtLh4Bv66r\">Moteur &#8211; Manuel d&#8217;atelier &#8211;<\/a><a rel=\"noreferrer noopener\" aria-label=\" Vovlo (s\u2019ouvre dans un nouvel onglet)\" href=\"http:\/\/cadvoile.fr\/data\/index.php\/s\/dQjheKtLh4Bv66r\" target=\"_blank\"> Vovlo<\/a><\/li><li><a href=\"http:\/\/cadvoile.fr\/data\/index.php\/s\/l5bQjWNDqLPLJpj\">Moteur &#8211; Manuel d&#8217;instructions &#8211;<\/a><a rel=\"noreferrer noopener\" href=\"http:\/\/cadvoile.fr\/data\/index.php\/s\/l5bQjWNDqLPLJpj\" target=\"_blank\"> Vovlo<\/a> <\/li><li><a href=\"http:\/\/cadvoile.fr\/data\/index.php\/s\/LFDD6DPeUkevFPv\">Multiplexeur NMEA &#8211; Shi<\/a><a rel=\"noreferrer noopener\" aria-label=\"pModul (s\u2019ouvre dans un nouvel onglet)\" href=\"http:\/\/cadvoile.fr\/data\/index.php\/s\/LFDD6DPeUkevFPv\" target=\"_blank\">pModul<\/a><\/li><li><a href=\"http:\/\/cadvoile.fr\/data\/index.php\/s\/r9bNgQW2SNdKbFA\">Panneaux et hublots &#8211; Moo<\/a><a rel=\"noreferrer noopener\" aria-label=\"nlight (s\u2019ouvre dans un nouvel onglet)\" href=\"http:\/\/cadvoile.fr\/data\/index.php\/s\/r9bNgQW2SNdKbFA\" target=\"_blank\">nlight<\/a><\/li><li><a href=\"http:\/\/cadvoile.fr\/data\/index.php\/s\/iqkjUCLwFAhj7em\">Pilote &#8211; <\/a><a rel=\"noreferrer noopener\" aria-label=\"SPX (s\u2019ouvre dans un nouvel onglet)\" href=\"http:\/\/cadvoile.fr\/data\/index.php\/s\/iqkjUCLwFAhj7em\" target=\"_blank\">SPX<\/a><\/li><li><a href=\"http:\/\/cadvoile.fr\/data\/index.php\/s\/VqhJkabY6ZWNSNz\">Instruments ST60 (Compas, sondeur, speedo, afficheurs, archive .zip) &#8211; Ra<\/a><a rel=\"noreferrer noopener\" aria-label=\"ymarine  (s\u2019ouvre dans un nouvel onglet)\" href=\"http:\/\/cadvoile.fr\/data\/index.php\/s\/VqhJkabY6ZWNSNz\" target=\"_blank\">ymarine <\/a><\/li><li><a href=\"http:\/\/cadvoile.fr\/data\/index.php\/s\/esK5WuktBJP4ktb\">Serrures &#8211; S<\/a><a rel=\"noreferrer noopener\" aria-label=\"outhc (s\u2019ouvre dans un nouvel onglet)\" href=\"http:\/\/cadvoile.fr\/data\/index.php\/s\/esK5WuktBJP4ktb\" target=\"_blank\">outhc<\/a><a href=\"http:\/\/cadvoile.fr\/data\/index.php\/s\/esK5WuktBJP4ktb\">o<\/a><\/li><li><a href=\"http:\/\/cadvoile.fr\/data\/index.php\/s\/a4RYRbGoex1uO0y\">WC &#8211; Ja<\/a><a rel=\"noreferrer noopener\" aria-label=\" (s\u2019ouvre dans un nouvel onglet)\" href=\"http:\/\/cadvoile.fr\/data\/index.php\/s\/V86fJJq3jXlBxjG\" target=\"_blank\">bsco<\/a><\/li><li><a rel=\"noreferrer noopener\" aria-label=\"Frigo isotherme (s\u2019ouvre dans un nouvel onglet)\" href=\"http:\/\/cadvoile.fr\/data\/index.php\/s\/vNwUFrPig3fO0a9\" target=\"_blank\">Frigo isotherme<\/a><\/li><\/ul>\n","protected":false},"excerpt":{"rendered":"<p>Notices techniques des \u00e9quipements d&#8217;Ohana (cliquer sur le th\u00e8me souhait\u00e9 pour afficher les informations) AIS &#8211; Graphene Ecran large multifonction &#8211; Raymarine Emmagasineur (code D) &#8211; Karver Enrouleur (de g\u00e9nois) &#8211; Furlex Winchs (entretien) &#8211; Harken Afficheur (pied de m\u00e2t) &#8211; Garmin Guindeau &#8211; Lofran&#8217; Moteur &#8211; Manuel d&#8217;atelier &#8211; Vovlo Moteur &#8211; Manuel d&#8217;instructions&hellip;<\/p>\n","protected":false},"author":26,"featured_media":0,"parent":0,"menu_order":0,"comment_status":"closed","ping_status":"closed","template":"","meta":{"_s2mail":"yes","footnotes":""},"class_list":["post-3237","page","type-page","status-publish","hentry"],"_links":{"self":[{"href":"https:\/\/cadvoile.fr\/index.php?rest_route=\/wp\/v2\/pages\/3237","targetHints":{"allow":["GET"]}}],"collection":[{"href":"https:\/\/cadvoile.fr\/index.php?rest_route=\/wp\/v2\/pages"}],"about":[{"href":"https:\/\/cadvoile.fr\/index.php?rest_route=\/wp\/v2\/types\/page"}],"author":[{"embeddable":true,"href":"https:\/\/cadvoile.fr\/index.php?rest_route=\/wp\/v2\/users\/26"}],"replies":[{"embeddable":true,"href":"https:\/\/cadvoile.fr\/index.php?rest_route=%2Fwp%2Fv2%2Fcomments&post=3237"}],"version-history":[{"count":15,"href":"https:\/\/cadvoile.fr\/index.php?rest_route=\/wp\/v2\/pages\/3237\/revisions"}],"predecessor-version":[{"id":4254,"href":"https:\/\/cadvoile.fr\/index.php?rest_route=\/wp\/v2\/pages\/3237\/revisions\/4254"}],"wp:attachment":[{"href":"https:\/\/cadvoile.fr\/index.php?rest_route=%2Fwp%2Fv2%2Fmedia&parent=3237"}],"curies":[{"name":"wp","href":"https:\/\/api.w.org\/{rel}","templated":true}]}}