{"id":4275,"date":"2021-08-17T21:23:59","date_gmt":"2021-08-17T19:23:59","guid":{"rendered":"http:\/\/cadvoile.fr\/?page_id=4275"},"modified":"2021-08-29T14:10:50","modified_gmt":"2021-08-29T12:10:50","slug":"neptunium-2021","status":"publish","type":"page","link":"https:\/\/cadvoile.fr\/?page_id=4275","title":{"rendered":"Neptunium 2021"},"content":{"rendered":"\n<div class=\"wp-block-image\"><figure class=\"aligncenter size-large\"><img loading=\"lazy\" decoding=\"async\" width=\"1024\" height=\"238\" src=\"http:\/\/cadvoile.fr\/wp-content\/uploads\/2021\/08\/banderole-1024x238.jpg\" alt=\"\" class=\"wp-image-4277\"\/><\/figure><\/div>\n\n\n\n<p>la section voile de l\u2019ASCEA Cadarache organise la 36<sup>e<\/sup> Coupe NEPTUNIUM du 02 au 04 septembre 2021 \u00e0 Bandol (83).<\/p>\n\n\n\n<p>Le club h\u00f4te est la Soci\u00e9t\u00e9 Nautique de Bandol (SNB).<\/p>\n\n\n\n<p>La Coupe NEPTUNIUM, r\u00e9gate inscrite au calendrier de la F\u00e9d\u00e9ration Fran\u00e7aise de Voile (FFV), est une \u00e9preuve qualificative au Championnat de France des Entreprises.<br \/>Ce rendez-vous sportif et amical est un point de rencontre des salari\u00e9s \u00ab voileux \u00bb de tous les Industriels et des Unit\u00e9s de Recherche qui constituent la famille du Nucl\u00e9aire. Participent notamment des \u00e9quipages issus des centres du Commissariat \u00e0 l\u2019Energie Atomique et aux \u00e9nergies alternatives<br \/>(CEA) de Cadarache, Saclay, Marcoule, Le Cesta, Le Ripault, Grenoble, d\u2019une soci\u00e9t\u00e9 du groupe CEA TechnicAtome et les soci\u00e9t\u00e9s du groupe ORANO telles que ORANO NP, ORANO NC, Intercontr\u00f4le, Eurodif.<\/p>\n\n\n\n<p><\/p>\n\n\n<ul class=\"wp-block-latest-posts__list has-dates wp-block-latest-posts\"><li><a class=\"wp-block-latest-posts__post-title\" href=\"https:\/\/cadvoile.fr\/?p=4339\">Classement g\u00e9n\u00e9ral<\/a><time datetime=\"2021-09-04T21:32:10+02:00\" class=\"wp-block-latest-posts__post-date\">04\/09\/2021<\/time><div class=\"wp-block-latest-posts__post-excerpt\">Coupe Neptunium 202101\/09\/2021 au 04\/09\/2021 R\u00e9sultat du Samedi 4 Septembre 2021 \u00e0 19.30 h. Grands surprises pr\u00e8s 9 courses (Inc.2 retrait[s]) (10 inscrits)(Cliquez sur les noms soulign\u00e9s pour acc\u00e9der \u00e0 la fiche du coureur) Rgs Ident Concurrents P&nbsp;Ret P&nbsp;tot c.1 c.2 c.3 c.4 c.5 c.6 c.7 c.8 c.9 Club \/ Pays 1 &nbsp;FRA&nbsp;34233 ORANO&nbsp;LA&nbsp;HAGUE&nbsp;&nbsp;LE&nbsp;BIVIC&nbsp;Andre&nbsp;MOREZ&nbsp;Olivier&nbsp;&nbsp;HERY&nbsp;Gerard&nbsp;&nbsp;PEREIRA&nbsp;Louis&nbsp;&nbsp;LEHOUX&nbsp;Philippe&nbsp;&nbsp;METIVIER&nbsp;Sebastien&nbsp;&nbsp;SAMSON&nbsp;Thierry&nbsp; 8.00&hellip;<\/div><\/li>\n<li><a class=\"wp-block-latest-posts__post-title\" href=\"https:\/\/cadvoile.fr\/?p=4336\">Classements vendredi 3<\/a><time datetime=\"2021-09-03T22:29:43+02:00\" class=\"wp-block-latest-posts__post-date\">03\/09\/2021<\/time><div class=\"wp-block-latest-posts__post-excerpt\"><\/div><\/li>\n<li><a class=\"wp-block-latest-posts__post-title\" href=\"https:\/\/cadvoile.fr\/?p=4333\">Avenant 1 IC<\/a><time datetime=\"2021-09-03T08:47:50+02:00\" class=\"wp-block-latest-posts__post-date\">03\/09\/2021<\/time><div class=\"wp-block-latest-posts__post-excerpt\"><\/div><\/li>\n<li><a class=\"wp-block-latest-posts__post-title\" href=\"https:\/\/cadvoile.fr\/?p=4329\">Resultat jeudi<\/a><time datetime=\"2021-09-03T08:45:37+02:00\" class=\"wp-block-latest-posts__post-date\">03\/09\/2021<\/time><div class=\"wp-block-latest-posts__post-excerpt\"><\/div><\/li>\n<li><a class=\"wp-block-latest-posts__post-title\" href=\"https:\/\/cadvoile.fr\/?p=4298\">Instructions de course<\/a><time datetime=\"2021-09-02T06:35:54+02:00\" class=\"wp-block-latest-posts__post-date\">02\/09\/2021<\/time><div class=\"wp-block-latest-posts__post-excerpt\"><\/div><\/li>\n<li><a class=\"wp-block-latest-posts__post-title\" href=\"https:\/\/cadvoile.fr\/?p=4316\">Programme pr\u00e9visionnel<\/a><time datetime=\"2021-08-31T22:50:00+02:00\" class=\"wp-block-latest-posts__post-date\">31\/08\/2021<\/time><div class=\"wp-block-latest-posts__post-excerpt\">Mardi 31 ao\u00fbt&nbsp;: Convoyage d\u2019une partie des voiliers du Frioul \u00e0 Bandol Mercredi 1er septembre&nbsp;: Convoyages finaux des voiliers Entra\u00eenement libre ( Bou\u00e9es de parcours mouill\u00e9es) 17H-20H&nbsp;: inscriptions des \u00e9quipages 19H&nbsp;: pot d\u2019accueil (pr\u00e9sentation du Comit\u00e9 de Course, de l\u2019\u00e9quipe d\u2019organisation ) Jeudi 2 septembre&nbsp;: 08H00&nbsp;: Petit d\u00e9jeuner 08h00-10H00&nbsp;: Fin des inscriptions des \u00e9quipages 10H00&nbsp;:&hellip;<\/div><\/li>\n<li><a class=\"wp-block-latest-posts__post-title\" href=\"https:\/\/cadvoile.fr\/?p=4288\">Avis de Course neptunium 2021<\/a><time datetime=\"2021-08-29T09:06:51+02:00\" class=\"wp-block-latest-posts__post-date\">29\/08\/2021<\/time><div class=\"wp-block-latest-posts__post-excerpt\"><\/div><\/li>\n<\/ul>","protected":false},"excerpt":{"rendered":"<p>la section voile de l\u2019ASCEA Cadarache organise la 36e Coupe NEPTUNIUM du 02 au 04 septembre 2021 \u00e0 Bandol (83). Le club h\u00f4te est la Soci\u00e9t\u00e9 Nautique de Bandol (SNB). La Coupe NEPTUNIUM, r\u00e9gate inscrite au calendrier de la F\u00e9d\u00e9ration Fran\u00e7aise de Voile (FFV), est une \u00e9preuve qualificative au Championnat de France des Entreprises.Ce rendez-vous&hellip;<\/p>\n","protected":false},"author":1,"featured_media":0,"parent":0,"menu_order":0,"comment_status":"closed","ping_status":"closed","template":"","meta":{"_s2mail":"yes","footnotes":""},"class_list":["post-4275","page","type-page","status-publish","hentry"],"_links":{"self":[{"href":"https:\/\/cadvoile.fr\/index.php?rest_route=\/wp\/v2\/pages\/4275","targetHints":{"allow":["GET"]}}],"collection":[{"href":"https:\/\/cadvoile.fr\/index.php?rest_route=\/wp\/v2\/pages"}],"about":[{"href":"https:\/\/cadvoile.fr\/index.php?rest_route=\/wp\/v2\/types\/page"}],"author":[{"embeddable":true,"href":"https:\/\/cadvoile.fr\/index.php?rest_route=\/wp\/v2\/users\/1"}],"replies":[{"embeddable":true,"href":"https:\/\/cadvoile.fr\/index.php?rest_route=%2Fwp%2Fv2%2Fcomments&post=4275"}],"version-history":[{"count":11,"href":"https:\/\/cadvoile.fr\/index.php?rest_route=\/wp\/v2\/pages\/4275\/revisions"}],"predecessor-version":[{"id":4308,"href":"https:\/\/cadvoile.fr\/index.php?rest_route=\/wp\/v2\/pages\/4275\/revisions\/4308"}],"wp:attachment":[{"href":"https:\/\/cadvoile.fr\/index.php?rest_route=%2Fwp%2Fv2%2Fmedia&parent=4275"}],"curies":[{"name":"wp","href":"https:\/\/api.w.org\/{rel}","templated":true}]}}